{"id":6792,"date":"2024-10-10T18:26:43","date_gmt":"2024-10-10T15:26:43","guid":{"rendered":"https:\/\/zanae.gr\/uncategorized\/tomatensosse-mit-kalamon-oliven\/"},"modified":"2025-08-25T10:22:19","modified_gmt":"2025-08-25T07:22:19","slug":"tomatensosse-mit-kalamon-oliven","status":"publish","type":"product","link":"https:\/\/zanae.gr\/de\/unsere-geschmacksrichtungen\/salsissimo-de\/tomatensosse-mit-kalamon-oliven\/","title":{"rendered":"Tomatenso\u00dfe mit Kalamon Oliven"},"content":{"rendered":"<p><br data-mce-bogus=\"1\"><\/p>\n","protected":false},"excerpt":{"rendered":"<p>Die exzellente So\u00dfe mit Kalamata-Oliven, ideal f\u00fcr Trofie, Linguine oder Farfalle. Sie bietet ein einzigartiges und ausgew\u00e4hltes mediterranes Geschmackserlebnis.<\/p>\n<p><strong>Bereit zum Servieren. <\/strong><br \/><strong>An einem k\u00fchlen und trockenen Ort aufbewahren. <\/strong><br \/><strong>Nach dem \u00d6ffnen im K\u00fchlschrank aufbewahren und innerhalb von 3 Tagen verbrauchen.<\/strong><\/p>\n","protected":false},"featured_media":3875,"template":"","meta":{"_acf_changed":false},"product_brand":[],"product_cat":[349],"product_tag":[],"class_list":{"0":"post-6792","1":"product","2":"type-product","3":"status-publish","4":"has-post-thumbnail","6":"product_cat-salsissimo-de","8":"first","9":"instock","10":"purchasable","11":"product-type-variable"},"acf":[],"yoast_head":"<!-- This site is optimized with the Yoast SEO plugin v27.3 - https:\/\/yoast.com\/product\/yoast-seo-wordpress\/ -->\n<title>Tomatenso\u00dfe mit Kalamon Oliven - Zanae<\/title>\n<meta name=\"robots\" content=\"index, follow, max-snippet:-1, max-image-preview:large, max-video-preview:-1\" \/>\n<link rel=\"canonical\" href=\"https:\/\/zanae.gr\/de\/unsere-geschmacksrichtungen\/salsissimo-de\/tomatensosse-mit-kalamon-oliven\/\" \/>\n<meta property=\"og:locale\" content=\"de_DE\" \/>\n<meta property=\"og:type\" content=\"article\" \/>\n<meta property=\"og:title\" content=\"Tomatenso\u00dfe mit Kalamon Oliven - Zanae\" \/>\n<meta property=\"og:description\" content=\"Die exzellente So\u00dfe mit Kalamata-Oliven, ideal f\u00fcr Trofie, Linguine oder Farfalle. Sie bietet ein einzigartiges und ausgew\u00e4hltes mediterranes Geschmackserlebnis.Bereit zum Servieren. An einem k\u00fchlen und trockenen Ort aufbewahren. Nach dem \u00d6ffnen im K\u00fchlschrank aufbewahren und innerhalb von 3 Tagen verbrauchen.\" \/>\n<meta property=\"og:url\" content=\"https:\/\/zanae.gr\/de\/unsere-geschmacksrichtungen\/salsissimo-de\/tomatensosse-mit-kalamon-oliven\/\" \/>\n<meta property=\"og:site_name\" content=\"Zanae\" \/>\n<meta property=\"article:publisher\" content=\"https:\/\/www.facebook.com\/www.zanae.gr\/?locale=el_GR\" \/>\n<meta property=\"article:modified_time\" content=\"2025-08-25T07:22:19+00:00\" \/>\n<meta property=\"og:image\" content=\"https:\/\/zanae.gr\/wp-content\/uploads\/2024\/10\/salsissimo_elies_kalamon.webp\" \/>\n\t<meta property=\"og:image:width\" content=\"1000\" \/>\n\t<meta property=\"og:image:height\" content=\"1000\" \/>\n\t<meta property=\"og:image:type\" content=\"image\/webp\" \/>\n<meta name=\"twitter:card\" content=\"summary_large_image\" \/>\n<meta name=\"twitter:label1\" content=\"Gesch\u00e4tzte Lesezeit\" \/>\n\t<meta name=\"twitter:data1\" content=\"1\u00a0Minute\" \/>\n<script type=\"application\/ld+json\" class=\"yoast-schema-graph\">{\"@context\":\"https:\\\/\\\/schema.org\",\"@graph\":[{\"@type\":\"WebPage\",\"@id\":\"https:\\\/\\\/zanae.gr\\\/de\\\/unsere-geschmacksrichtungen\\\/salsissimo-de\\\/tomatensosse-mit-kalamon-oliven\\\/\",\"url\":\"https:\\\/\\\/zanae.gr\\\/de\\\/unsere-geschmacksrichtungen\\\/salsissimo-de\\\/tomatensosse-mit-kalamon-oliven\\\/\",\"name\":\"Tomatenso\u00dfe mit Kalamon Oliven - Zanae\",\"isPartOf\":{\"@id\":\"https:\\\/\\\/zanae.gr\\\/de\\\/#website\"},\"primaryImageOfPage\":{\"@id\":\"https:\\\/\\\/zanae.gr\\\/de\\\/unsere-geschmacksrichtungen\\\/salsissimo-de\\\/tomatensosse-mit-kalamon-oliven\\\/#primaryimage\"},\"image\":{\"@id\":\"https:\\\/\\\/zanae.gr\\\/de\\\/unsere-geschmacksrichtungen\\\/salsissimo-de\\\/tomatensosse-mit-kalamon-oliven\\\/#primaryimage\"},\"thumbnailUrl\":\"https:\\\/\\\/zanae.gr\\\/wp-content\\\/uploads\\\/2024\\\/10\\\/salsissimo_elies_kalamon.webp\",\"datePublished\":\"2024-10-10T15:26:43+00:00\",\"dateModified\":\"2025-08-25T07:22:19+00:00\",\"breadcrumb\":{\"@id\":\"https:\\\/\\\/zanae.gr\\\/de\\\/unsere-geschmacksrichtungen\\\/salsissimo-de\\\/tomatensosse-mit-kalamon-oliven\\\/#breadcrumb\"},\"inLanguage\":\"de\",\"potentialAction\":[{\"@type\":\"ReadAction\",\"target\":[\"https:\\\/\\\/zanae.gr\\\/de\\\/unsere-geschmacksrichtungen\\\/salsissimo-de\\\/tomatensosse-mit-kalamon-oliven\\\/\"]}]},{\"@type\":\"ImageObject\",\"inLanguage\":\"de\",\"@id\":\"https:\\\/\\\/zanae.gr\\\/de\\\/unsere-geschmacksrichtungen\\\/salsissimo-de\\\/tomatensosse-mit-kalamon-oliven\\\/#primaryimage\",\"url\":\"https:\\\/\\\/zanae.gr\\\/wp-content\\\/uploads\\\/2024\\\/10\\\/salsissimo_elies_kalamon.webp\",\"contentUrl\":\"https:\\\/\\\/zanae.gr\\\/wp-content\\\/uploads\\\/2024\\\/10\\\/salsissimo_elies_kalamon.webp\",\"width\":1000,\"height\":1000},{\"@type\":\"BreadcrumbList\",\"@id\":\"https:\\\/\\\/zanae.gr\\\/de\\\/unsere-geschmacksrichtungen\\\/salsissimo-de\\\/tomatensosse-mit-kalamon-oliven\\\/#breadcrumb\",\"itemListElement\":[{\"@type\":\"ListItem\",\"position\":1,\"name\":\"\u0391\u03c1\u03c7\u03b9\u03ba\u03ae\",\"item\":\"https:\\\/\\\/zanae.gr\\\/de\\\/\"},{\"@type\":\"ListItem\",\"position\":2,\"name\":\"Shop\",\"item\":\"https:\\\/\\\/zanae.gr\\\/?page_id=52\"},{\"@type\":\"ListItem\",\"position\":3,\"name\":\"Tomatenso\u00dfe mit Kalamon Oliven\"}]},{\"@type\":\"WebSite\",\"@id\":\"https:\\\/\\\/zanae.gr\\\/de\\\/#website\",\"url\":\"https:\\\/\\\/zanae.gr\\\/de\\\/\",\"name\":\"Zanae\",\"description\":\"\",\"potentialAction\":[{\"@type\":\"SearchAction\",\"target\":{\"@type\":\"EntryPoint\",\"urlTemplate\":\"https:\\\/\\\/zanae.gr\\\/de\\\/?s={search_term_string}\"},\"query-input\":{\"@type\":\"PropertyValueSpecification\",\"valueRequired\":true,\"valueName\":\"search_term_string\"}}],\"inLanguage\":\"de\"}]}<\/script>\n<!-- \/ Yoast SEO plugin. -->","yoast_head_json":{"title":"Tomatenso\u00dfe mit Kalamon Oliven - Zanae","robots":{"index":"index","follow":"follow","max-snippet":"max-snippet:-1","max-image-preview":"max-image-preview:large","max-video-preview":"max-video-preview:-1"},"canonical":"https:\/\/zanae.gr\/de\/unsere-geschmacksrichtungen\/salsissimo-de\/tomatensosse-mit-kalamon-oliven\/","og_locale":"de_DE","og_type":"article","og_title":"Tomatenso\u00dfe mit Kalamon Oliven - Zanae","og_description":"Die exzellente So\u00dfe mit Kalamata-Oliven, ideal f\u00fcr Trofie, Linguine oder Farfalle. Sie bietet ein einzigartiges und ausgew\u00e4hltes mediterranes Geschmackserlebnis.Bereit zum Servieren. An einem k\u00fchlen und trockenen Ort aufbewahren. Nach dem \u00d6ffnen im K\u00fchlschrank aufbewahren und innerhalb von 3 Tagen verbrauchen.","og_url":"https:\/\/zanae.gr\/de\/unsere-geschmacksrichtungen\/salsissimo-de\/tomatensosse-mit-kalamon-oliven\/","og_site_name":"Zanae","article_publisher":"https:\/\/www.facebook.com\/www.zanae.gr\/?locale=el_GR","article_modified_time":"2025-08-25T07:22:19+00:00","og_image":[{"width":1000,"height":1000,"url":"https:\/\/zanae.gr\/wp-content\/uploads\/2024\/10\/salsissimo_elies_kalamon.webp","type":"image\/webp"}],"twitter_card":"summary_large_image","twitter_misc":{"Gesch\u00e4tzte Lesezeit":"1\u00a0Minute"},"schema":{"@context":"https:\/\/schema.org","@graph":[{"@type":"WebPage","@id":"https:\/\/zanae.gr\/de\/unsere-geschmacksrichtungen\/salsissimo-de\/tomatensosse-mit-kalamon-oliven\/","url":"https:\/\/zanae.gr\/de\/unsere-geschmacksrichtungen\/salsissimo-de\/tomatensosse-mit-kalamon-oliven\/","name":"Tomatenso\u00dfe mit Kalamon Oliven - Zanae","isPartOf":{"@id":"https:\/\/zanae.gr\/de\/#website"},"primaryImageOfPage":{"@id":"https:\/\/zanae.gr\/de\/unsere-geschmacksrichtungen\/salsissimo-de\/tomatensosse-mit-kalamon-oliven\/#primaryimage"},"image":{"@id":"https:\/\/zanae.gr\/de\/unsere-geschmacksrichtungen\/salsissimo-de\/tomatensosse-mit-kalamon-oliven\/#primaryimage"},"thumbnailUrl":"https:\/\/zanae.gr\/wp-content\/uploads\/2024\/10\/salsissimo_elies_kalamon.webp","datePublished":"2024-10-10T15:26:43+00:00","dateModified":"2025-08-25T07:22:19+00:00","breadcrumb":{"@id":"https:\/\/zanae.gr\/de\/unsere-geschmacksrichtungen\/salsissimo-de\/tomatensosse-mit-kalamon-oliven\/#breadcrumb"},"inLanguage":"de","potentialAction":[{"@type":"ReadAction","target":["https:\/\/zanae.gr\/de\/unsere-geschmacksrichtungen\/salsissimo-de\/tomatensosse-mit-kalamon-oliven\/"]}]},{"@type":"ImageObject","inLanguage":"de","@id":"https:\/\/zanae.gr\/de\/unsere-geschmacksrichtungen\/salsissimo-de\/tomatensosse-mit-kalamon-oliven\/#primaryimage","url":"https:\/\/zanae.gr\/wp-content\/uploads\/2024\/10\/salsissimo_elies_kalamon.webp","contentUrl":"https:\/\/zanae.gr\/wp-content\/uploads\/2024\/10\/salsissimo_elies_kalamon.webp","width":1000,"height":1000},{"@type":"BreadcrumbList","@id":"https:\/\/zanae.gr\/de\/unsere-geschmacksrichtungen\/salsissimo-de\/tomatensosse-mit-kalamon-oliven\/#breadcrumb","itemListElement":[{"@type":"ListItem","position":1,"name":"\u0391\u03c1\u03c7\u03b9\u03ba\u03ae","item":"https:\/\/zanae.gr\/de\/"},{"@type":"ListItem","position":2,"name":"Shop","item":"https:\/\/zanae.gr\/?page_id=52"},{"@type":"ListItem","position":3,"name":"Tomatenso\u00dfe mit Kalamon Oliven"}]},{"@type":"WebSite","@id":"https:\/\/zanae.gr\/de\/#website","url":"https:\/\/zanae.gr\/de\/","name":"Zanae","description":"","potentialAction":[{"@type":"SearchAction","target":{"@type":"EntryPoint","urlTemplate":"https:\/\/zanae.gr\/de\/?s={search_term_string}"},"query-input":{"@type":"PropertyValueSpecification","valueRequired":true,"valueName":"search_term_string"}}],"inLanguage":"de"}]}},"_links":{"self":[{"href":"https:\/\/zanae.gr\/de\/wp-json\/wp\/v2\/product\/6792","targetHints":{"allow":["GET"]}}],"collection":[{"href":"https:\/\/zanae.gr\/de\/wp-json\/wp\/v2\/product"}],"about":[{"href":"https:\/\/zanae.gr\/de\/wp-json\/wp\/v2\/types\/product"}],"wp:featuredmedia":[{"embeddable":true,"href":"https:\/\/zanae.gr\/de\/wp-json\/wp\/v2\/media\/3875"}],"wp:attachment":[{"href":"https:\/\/zanae.gr\/de\/wp-json\/wp\/v2\/media?parent=6792"}],"wp:term":[{"taxonomy":"product_brand","embeddable":true,"href":"https:\/\/zanae.gr\/de\/wp-json\/wp\/v2\/product_brand?post=6792"},{"taxonomy":"product_cat","embeddable":true,"href":"https:\/\/zanae.gr\/de\/wp-json\/wp\/v2\/product_cat?post=6792"},{"taxonomy":"product_tag","embeddable":true,"href":"https:\/\/zanae.gr\/de\/wp-json\/wp\/v2\/product_tag?post=6792"}],"curies":[{"name":"wp","href":"https:\/\/api.w.org\/{rel}","templated":true}]}}