{"id":6802,"date":"2024-10-11T13:23:34","date_gmt":"2024-10-11T10:23:34","guid":{"rendered":"https:\/\/zanae.gr\/uncategorized\/kalamon-oliven-mit-stein\/"},"modified":"2025-08-22T12:29:57","modified_gmt":"2025-08-22T09:29:57","slug":"kalamon-oliven-mit-stein","status":"publish","type":"product","link":"https:\/\/zanae.gr\/de\/unsere-geschmacksrichtungen\/griechische-oliven\/kalamon-de\/kalamon-oliven-mit-stein\/","title":{"rendered":"Kalamon Oliven mit Stein"},"content":{"rendered":"","protected":false},"excerpt":{"rendered":"<p>Eines der iconic Produkte der griechischen gastronomischen Tradition \u2013 Kalamon-Oliven. Mit ihrem reichen Geschmack und ihrer charakteristischen Farbe werden sie in den ber\u00fchmten olivenplantagen von Kalamata angebaut. Ideal f\u00fcr Salate, Kochen oder als Beilage, sie verleihen jedem Gericht Tiefe und aromatische Intensit\u00e4t.<\/p>\n<p><strong>Bereit zum Servieren. <\/strong><br \/>\n<strong>An einem k\u00fchlen und trockenen Ort aufbewahren. <\/strong><br \/>\n<strong>Nach dem \u00d6ffnen im K\u00fchlschrank aufbewahren und innerhalb von 5 Tagen verbrauchen.<\/strong><\/p>\n","protected":false},"featured_media":3910,"template":"","meta":{"_acf_changed":false},"product_brand":[],"product_cat":[352],"product_tag":[],"class_list":{"0":"post-6802","1":"product","2":"type-product","3":"status-publish","4":"has-post-thumbnail","6":"product_cat-kalamon-de","8":"first","9":"instock","10":"purchasable","11":"product-type-variable"},"acf":[],"yoast_head":"<!-- This site is optimized with the Yoast SEO plugin v27.3 - https:\/\/yoast.com\/product\/yoast-seo-wordpress\/ -->\n<title>Kalamon Oliven mit Stein - Zanae<\/title>\n<meta name=\"robots\" content=\"index, follow, max-snippet:-1, max-image-preview:large, max-video-preview:-1\" \/>\n<link rel=\"canonical\" href=\"https:\/\/zanae.gr\/de\/unsere-geschmacksrichtungen\/griechische-oliven\/kalamon-de\/kalamon-oliven-mit-stein\/\" \/>\n<meta property=\"og:locale\" content=\"de_DE\" \/>\n<meta property=\"og:type\" content=\"article\" \/>\n<meta property=\"og:title\" content=\"Kalamon Oliven mit Stein - Zanae\" \/>\n<meta property=\"og:description\" content=\"Eines der iconic Produkte der griechischen gastronomischen Tradition \u2013 Kalamon-Oliven. Mit ihrem reichen Geschmack und ihrer charakteristischen Farbe werden sie in den ber\u00fchmten olivenplantagen von Kalamata angebaut. Ideal f\u00fcr Salate, Kochen oder als Beilage, sie verleihen jedem Gericht Tiefe und aromatische Intensit\u00e4t.  Bereit zum Servieren.  An einem k\u00fchlen und trockenen Ort aufbewahren.  Nach dem \u00d6ffnen im K\u00fchlschrank aufbewahren und innerhalb von 5 Tagen verbrauchen.\" \/>\n<meta property=\"og:url\" content=\"https:\/\/zanae.gr\/de\/unsere-geschmacksrichtungen\/griechische-oliven\/kalamon-de\/kalamon-oliven-mit-stein\/\" \/>\n<meta property=\"og:site_name\" content=\"Zanae\" \/>\n<meta property=\"article:publisher\" content=\"https:\/\/www.facebook.com\/www.zanae.gr\/?locale=el_GR\" \/>\n<meta property=\"article:modified_time\" content=\"2025-08-22T09:29:57+00:00\" \/>\n<meta property=\"og:image\" content=\"https:\/\/zanae.gr\/wp-content\/uploads\/2025\/05\/products-elies-kalamwn-oloklires.webp\" \/>\n\t<meta property=\"og:image:width\" content=\"1200\" \/>\n\t<meta property=\"og:image:height\" content=\"1200\" \/>\n\t<meta property=\"og:image:type\" content=\"image\/webp\" \/>\n<meta name=\"twitter:card\" content=\"summary_large_image\" \/>\n<meta name=\"twitter:label1\" content=\"Gesch\u00e4tzte Lesezeit\" \/>\n\t<meta name=\"twitter:data1\" content=\"1\u00a0Minute\" \/>\n<script type=\"application\/ld+json\" class=\"yoast-schema-graph\">{\"@context\":\"https:\\\/\\\/schema.org\",\"@graph\":[{\"@type\":\"WebPage\",\"@id\":\"https:\\\/\\\/zanae.gr\\\/de\\\/unsere-geschmacksrichtungen\\\/griechische-oliven\\\/kalamon-de\\\/kalamon-oliven-mit-stein\\\/\",\"url\":\"https:\\\/\\\/zanae.gr\\\/de\\\/unsere-geschmacksrichtungen\\\/griechische-oliven\\\/kalamon-de\\\/kalamon-oliven-mit-stein\\\/\",\"name\":\"Kalamon Oliven mit Stein - Zanae\",\"isPartOf\":{\"@id\":\"https:\\\/\\\/zanae.gr\\\/de\\\/#website\"},\"primaryImageOfPage\":{\"@id\":\"https:\\\/\\\/zanae.gr\\\/de\\\/unsere-geschmacksrichtungen\\\/griechische-oliven\\\/kalamon-de\\\/kalamon-oliven-mit-stein\\\/#primaryimage\"},\"image\":{\"@id\":\"https:\\\/\\\/zanae.gr\\\/de\\\/unsere-geschmacksrichtungen\\\/griechische-oliven\\\/kalamon-de\\\/kalamon-oliven-mit-stein\\\/#primaryimage\"},\"thumbnailUrl\":\"https:\\\/\\\/zanae.gr\\\/wp-content\\\/uploads\\\/2025\\\/05\\\/products-elies-kalamwn-oloklires.webp\",\"datePublished\":\"2024-10-11T10:23:34+00:00\",\"dateModified\":\"2025-08-22T09:29:57+00:00\",\"breadcrumb\":{\"@id\":\"https:\\\/\\\/zanae.gr\\\/de\\\/unsere-geschmacksrichtungen\\\/griechische-oliven\\\/kalamon-de\\\/kalamon-oliven-mit-stein\\\/#breadcrumb\"},\"inLanguage\":\"de\",\"potentialAction\":[{\"@type\":\"ReadAction\",\"target\":[\"https:\\\/\\\/zanae.gr\\\/de\\\/unsere-geschmacksrichtungen\\\/griechische-oliven\\\/kalamon-de\\\/kalamon-oliven-mit-stein\\\/\"]}]},{\"@type\":\"ImageObject\",\"inLanguage\":\"de\",\"@id\":\"https:\\\/\\\/zanae.gr\\\/de\\\/unsere-geschmacksrichtungen\\\/griechische-oliven\\\/kalamon-de\\\/kalamon-oliven-mit-stein\\\/#primaryimage\",\"url\":\"https:\\\/\\\/zanae.gr\\\/wp-content\\\/uploads\\\/2025\\\/05\\\/products-elies-kalamwn-oloklires.webp\",\"contentUrl\":\"https:\\\/\\\/zanae.gr\\\/wp-content\\\/uploads\\\/2025\\\/05\\\/products-elies-kalamwn-oloklires.webp\",\"width\":1200,\"height\":1200},{\"@type\":\"BreadcrumbList\",\"@id\":\"https:\\\/\\\/zanae.gr\\\/de\\\/unsere-geschmacksrichtungen\\\/griechische-oliven\\\/kalamon-de\\\/kalamon-oliven-mit-stein\\\/#breadcrumb\",\"itemListElement\":[{\"@type\":\"ListItem\",\"position\":1,\"name\":\"\u0391\u03c1\u03c7\u03b9\u03ba\u03ae\",\"item\":\"https:\\\/\\\/zanae.gr\\\/de\\\/\"},{\"@type\":\"ListItem\",\"position\":2,\"name\":\"Shop\",\"item\":\"https:\\\/\\\/zanae.gr\\\/?page_id=52\"},{\"@type\":\"ListItem\",\"position\":3,\"name\":\"Kalamon Oliven mit Stein\"}]},{\"@type\":\"WebSite\",\"@id\":\"https:\\\/\\\/zanae.gr\\\/de\\\/#website\",\"url\":\"https:\\\/\\\/zanae.gr\\\/de\\\/\",\"name\":\"Zanae\",\"description\":\"\",\"potentialAction\":[{\"@type\":\"SearchAction\",\"target\":{\"@type\":\"EntryPoint\",\"urlTemplate\":\"https:\\\/\\\/zanae.gr\\\/de\\\/?s={search_term_string}\"},\"query-input\":{\"@type\":\"PropertyValueSpecification\",\"valueRequired\":true,\"valueName\":\"search_term_string\"}}],\"inLanguage\":\"de\"}]}<\/script>\n<!-- \/ Yoast SEO plugin. -->","yoast_head_json":{"title":"Kalamon Oliven mit Stein - Zanae","robots":{"index":"index","follow":"follow","max-snippet":"max-snippet:-1","max-image-preview":"max-image-preview:large","max-video-preview":"max-video-preview:-1"},"canonical":"https:\/\/zanae.gr\/de\/unsere-geschmacksrichtungen\/griechische-oliven\/kalamon-de\/kalamon-oliven-mit-stein\/","og_locale":"de_DE","og_type":"article","og_title":"Kalamon Oliven mit Stein - Zanae","og_description":"Eines der iconic Produkte der griechischen gastronomischen Tradition \u2013 Kalamon-Oliven. Mit ihrem reichen Geschmack und ihrer charakteristischen Farbe werden sie in den ber\u00fchmten olivenplantagen von Kalamata angebaut. Ideal f\u00fcr Salate, Kochen oder als Beilage, sie verleihen jedem Gericht Tiefe und aromatische Intensit\u00e4t.  Bereit zum Servieren.  An einem k\u00fchlen und trockenen Ort aufbewahren.  Nach dem \u00d6ffnen im K\u00fchlschrank aufbewahren und innerhalb von 5 Tagen verbrauchen.","og_url":"https:\/\/zanae.gr\/de\/unsere-geschmacksrichtungen\/griechische-oliven\/kalamon-de\/kalamon-oliven-mit-stein\/","og_site_name":"Zanae","article_publisher":"https:\/\/www.facebook.com\/www.zanae.gr\/?locale=el_GR","article_modified_time":"2025-08-22T09:29:57+00:00","og_image":[{"width":1200,"height":1200,"url":"https:\/\/zanae.gr\/wp-content\/uploads\/2025\/05\/products-elies-kalamwn-oloklires.webp","type":"image\/webp"}],"twitter_card":"summary_large_image","twitter_misc":{"Gesch\u00e4tzte Lesezeit":"1\u00a0Minute"},"schema":{"@context":"https:\/\/schema.org","@graph":[{"@type":"WebPage","@id":"https:\/\/zanae.gr\/de\/unsere-geschmacksrichtungen\/griechische-oliven\/kalamon-de\/kalamon-oliven-mit-stein\/","url":"https:\/\/zanae.gr\/de\/unsere-geschmacksrichtungen\/griechische-oliven\/kalamon-de\/kalamon-oliven-mit-stein\/","name":"Kalamon Oliven mit Stein - Zanae","isPartOf":{"@id":"https:\/\/zanae.gr\/de\/#website"},"primaryImageOfPage":{"@id":"https:\/\/zanae.gr\/de\/unsere-geschmacksrichtungen\/griechische-oliven\/kalamon-de\/kalamon-oliven-mit-stein\/#primaryimage"},"image":{"@id":"https:\/\/zanae.gr\/de\/unsere-geschmacksrichtungen\/griechische-oliven\/kalamon-de\/kalamon-oliven-mit-stein\/#primaryimage"},"thumbnailUrl":"https:\/\/zanae.gr\/wp-content\/uploads\/2025\/05\/products-elies-kalamwn-oloklires.webp","datePublished":"2024-10-11T10:23:34+00:00","dateModified":"2025-08-22T09:29:57+00:00","breadcrumb":{"@id":"https:\/\/zanae.gr\/de\/unsere-geschmacksrichtungen\/griechische-oliven\/kalamon-de\/kalamon-oliven-mit-stein\/#breadcrumb"},"inLanguage":"de","potentialAction":[{"@type":"ReadAction","target":["https:\/\/zanae.gr\/de\/unsere-geschmacksrichtungen\/griechische-oliven\/kalamon-de\/kalamon-oliven-mit-stein\/"]}]},{"@type":"ImageObject","inLanguage":"de","@id":"https:\/\/zanae.gr\/de\/unsere-geschmacksrichtungen\/griechische-oliven\/kalamon-de\/kalamon-oliven-mit-stein\/#primaryimage","url":"https:\/\/zanae.gr\/wp-content\/uploads\/2025\/05\/products-elies-kalamwn-oloklires.webp","contentUrl":"https:\/\/zanae.gr\/wp-content\/uploads\/2025\/05\/products-elies-kalamwn-oloklires.webp","width":1200,"height":1200},{"@type":"BreadcrumbList","@id":"https:\/\/zanae.gr\/de\/unsere-geschmacksrichtungen\/griechische-oliven\/kalamon-de\/kalamon-oliven-mit-stein\/#breadcrumb","itemListElement":[{"@type":"ListItem","position":1,"name":"\u0391\u03c1\u03c7\u03b9\u03ba\u03ae","item":"https:\/\/zanae.gr\/de\/"},{"@type":"ListItem","position":2,"name":"Shop","item":"https:\/\/zanae.gr\/?page_id=52"},{"@type":"ListItem","position":3,"name":"Kalamon Oliven mit Stein"}]},{"@type":"WebSite","@id":"https:\/\/zanae.gr\/de\/#website","url":"https:\/\/zanae.gr\/de\/","name":"Zanae","description":"","potentialAction":[{"@type":"SearchAction","target":{"@type":"EntryPoint","urlTemplate":"https:\/\/zanae.gr\/de\/?s={search_term_string}"},"query-input":{"@type":"PropertyValueSpecification","valueRequired":true,"valueName":"search_term_string"}}],"inLanguage":"de"}]}},"_links":{"self":[{"href":"https:\/\/zanae.gr\/de\/wp-json\/wp\/v2\/product\/6802","targetHints":{"allow":["GET"]}}],"collection":[{"href":"https:\/\/zanae.gr\/de\/wp-json\/wp\/v2\/product"}],"about":[{"href":"https:\/\/zanae.gr\/de\/wp-json\/wp\/v2\/types\/product"}],"wp:featuredmedia":[{"embeddable":true,"href":"https:\/\/zanae.gr\/de\/wp-json\/wp\/v2\/media\/3910"}],"wp:attachment":[{"href":"https:\/\/zanae.gr\/de\/wp-json\/wp\/v2\/media?parent=6802"}],"wp:term":[{"taxonomy":"product_brand","embeddable":true,"href":"https:\/\/zanae.gr\/de\/wp-json\/wp\/v2\/product_brand?post=6802"},{"taxonomy":"product_cat","embeddable":true,"href":"https:\/\/zanae.gr\/de\/wp-json\/wp\/v2\/product_cat?post=6802"},{"taxonomy":"product_tag","embeddable":true,"href":"https:\/\/zanae.gr\/de\/wp-json\/wp\/v2\/product_tag?post=6802"}],"curies":[{"name":"wp","href":"https:\/\/api.w.org\/{rel}","templated":true}]}}