{"id":6888,"date":"2024-10-15T12:13:25","date_gmt":"2024-10-15T09:13:25","guid":{"rendered":"https:\/\/zanae.gr\/uncategorized\/symposium-bohnen-salat-mit-gemuese\/"},"modified":"2025-08-25T15:36:53","modified_gmt":"2025-08-25T12:36:53","slug":"symposium-bohnen-salat-mit-gemuese","status":"publish","type":"product","link":"https:\/\/zanae.gr\/de\/unsere-geschmacksrichtungen\/fertiggerichte\/symposium-de\/symposium-bohnen-salat-mit-gemuese\/","title":{"rendered":"Symposium &#8211; Bohnen Salat mit Gem\u00fcse"},"content":{"rendered":"","protected":false},"excerpt":{"rendered":"<p>Mit frischen Zutaten und mediterraner Raffinesse beeindruckt dieser Salat bei jedem Bissen. Ideal als Beilage oder leichtes Hauptgericht \u2013 die perfekte Wahl f\u00fcr alle, die gesunde und leckere Aromen suchen.<\/p>\n<p><strong>Bereit zum Servieren. <\/strong><br \/>\n<strong>An einem k\u00fchlen und trockenen Ort aufbewahren. <\/strong><br \/>\n<strong>Nach dem \u00d6ffnen im K\u00fchlschrank aufbewahren und innerhalb von 3 Tagen verbrauchen.<\/strong><\/p>\n","protected":false},"featured_media":4596,"template":"","meta":{"_acf_changed":false},"product_brand":[],"product_cat":[361],"product_tag":[],"class_list":{"0":"post-6888","1":"product","2":"type-product","3":"status-publish","4":"has-post-thumbnail","6":"product_cat-symposium-de","8":"first","9":"instock","10":"purchasable","11":"product-type-variable"},"acf":[],"yoast_head":"<!-- This site is optimized with the Yoast SEO plugin v27.3 - https:\/\/yoast.com\/product\/yoast-seo-wordpress\/ -->\n<title>Symposium - Bohnen Salat mit Gem\u00fcse - Zanae<\/title>\n<meta name=\"robots\" content=\"index, follow, max-snippet:-1, max-image-preview:large, max-video-preview:-1\" \/>\n<link rel=\"canonical\" href=\"https:\/\/zanae.gr\/de\/unsere-geschmacksrichtungen\/fertiggerichte\/symposium-de\/symposium-bohnen-salat-mit-gemuese\/\" \/>\n<meta property=\"og:locale\" content=\"de_DE\" \/>\n<meta property=\"og:type\" content=\"article\" \/>\n<meta property=\"og:title\" content=\"Symposium - Bohnen Salat mit Gem\u00fcse - Zanae\" \/>\n<meta property=\"og:description\" content=\"Mit frischen Zutaten und mediterraner Raffinesse beeindruckt dieser Salat bei jedem Bissen. Ideal als Beilage oder leichtes Hauptgericht \u2013 die perfekte Wahl f\u00fcr alle, die gesunde und leckere Aromen suchen.  Bereit zum Servieren.  An einem k\u00fchlen und trockenen Ort aufbewahren.  Nach dem \u00d6ffnen im K\u00fchlschrank aufbewahren und innerhalb von 3 Tagen verbrauchen.\" \/>\n<meta property=\"og:url\" content=\"https:\/\/zanae.gr\/de\/unsere-geschmacksrichtungen\/fertiggerichte\/symposium-de\/symposium-bohnen-salat-mit-gemuese\/\" \/>\n<meta property=\"og:site_name\" content=\"Zanae\" \/>\n<meta property=\"article:publisher\" content=\"https:\/\/www.facebook.com\/www.zanae.gr\/?locale=el_GR\" \/>\n<meta property=\"article:modified_time\" content=\"2025-08-25T12:36:53+00:00\" \/>\n<meta property=\"og:image\" content=\"https:\/\/zanae.gr\/wp-content\/uploads\/2024\/10\/symposium_mesogeiaki_fasolia.webp\" \/>\n\t<meta property=\"og:image:width\" content=\"1000\" \/>\n\t<meta property=\"og:image:height\" content=\"1000\" \/>\n\t<meta property=\"og:image:type\" content=\"image\/webp\" \/>\n<meta name=\"twitter:card\" content=\"summary_large_image\" \/>\n<meta name=\"twitter:label1\" content=\"Gesch\u00e4tzte Lesezeit\" \/>\n\t<meta name=\"twitter:data1\" content=\"1\u00a0Minute\" \/>\n<script type=\"application\/ld+json\" class=\"yoast-schema-graph\">{\"@context\":\"https:\\\/\\\/schema.org\",\"@graph\":[{\"@type\":\"WebPage\",\"@id\":\"https:\\\/\\\/zanae.gr\\\/de\\\/unsere-geschmacksrichtungen\\\/fertiggerichte\\\/symposium-de\\\/symposium-bohnen-salat-mit-gemuese\\\/\",\"url\":\"https:\\\/\\\/zanae.gr\\\/de\\\/unsere-geschmacksrichtungen\\\/fertiggerichte\\\/symposium-de\\\/symposium-bohnen-salat-mit-gemuese\\\/\",\"name\":\"Symposium - Bohnen Salat mit Gem\u00fcse - Zanae\",\"isPartOf\":{\"@id\":\"https:\\\/\\\/zanae.gr\\\/de\\\/#website\"},\"primaryImageOfPage\":{\"@id\":\"https:\\\/\\\/zanae.gr\\\/de\\\/unsere-geschmacksrichtungen\\\/fertiggerichte\\\/symposium-de\\\/symposium-bohnen-salat-mit-gemuese\\\/#primaryimage\"},\"image\":{\"@id\":\"https:\\\/\\\/zanae.gr\\\/de\\\/unsere-geschmacksrichtungen\\\/fertiggerichte\\\/symposium-de\\\/symposium-bohnen-salat-mit-gemuese\\\/#primaryimage\"},\"thumbnailUrl\":\"https:\\\/\\\/zanae.gr\\\/wp-content\\\/uploads\\\/2024\\\/10\\\/symposium_mesogeiaki_fasolia.webp\",\"datePublished\":\"2024-10-15T09:13:25+00:00\",\"dateModified\":\"2025-08-25T12:36:53+00:00\",\"breadcrumb\":{\"@id\":\"https:\\\/\\\/zanae.gr\\\/de\\\/unsere-geschmacksrichtungen\\\/fertiggerichte\\\/symposium-de\\\/symposium-bohnen-salat-mit-gemuese\\\/#breadcrumb\"},\"inLanguage\":\"de\",\"potentialAction\":[{\"@type\":\"ReadAction\",\"target\":[\"https:\\\/\\\/zanae.gr\\\/de\\\/unsere-geschmacksrichtungen\\\/fertiggerichte\\\/symposium-de\\\/symposium-bohnen-salat-mit-gemuese\\\/\"]}]},{\"@type\":\"ImageObject\",\"inLanguage\":\"de\",\"@id\":\"https:\\\/\\\/zanae.gr\\\/de\\\/unsere-geschmacksrichtungen\\\/fertiggerichte\\\/symposium-de\\\/symposium-bohnen-salat-mit-gemuese\\\/#primaryimage\",\"url\":\"https:\\\/\\\/zanae.gr\\\/wp-content\\\/uploads\\\/2024\\\/10\\\/symposium_mesogeiaki_fasolia.webp\",\"contentUrl\":\"https:\\\/\\\/zanae.gr\\\/wp-content\\\/uploads\\\/2024\\\/10\\\/symposium_mesogeiaki_fasolia.webp\",\"width\":1000,\"height\":1000},{\"@type\":\"BreadcrumbList\",\"@id\":\"https:\\\/\\\/zanae.gr\\\/de\\\/unsere-geschmacksrichtungen\\\/fertiggerichte\\\/symposium-de\\\/symposium-bohnen-salat-mit-gemuese\\\/#breadcrumb\",\"itemListElement\":[{\"@type\":\"ListItem\",\"position\":1,\"name\":\"\u0391\u03c1\u03c7\u03b9\u03ba\u03ae\",\"item\":\"https:\\\/\\\/zanae.gr\\\/de\\\/\"},{\"@type\":\"ListItem\",\"position\":2,\"name\":\"Shop\",\"item\":\"https:\\\/\\\/zanae.gr\\\/?page_id=52\"},{\"@type\":\"ListItem\",\"position\":3,\"name\":\"Symposium &#8211; Bohnen Salat mit Gem\u00fcse\"}]},{\"@type\":\"WebSite\",\"@id\":\"https:\\\/\\\/zanae.gr\\\/de\\\/#website\",\"url\":\"https:\\\/\\\/zanae.gr\\\/de\\\/\",\"name\":\"Zanae\",\"description\":\"\",\"potentialAction\":[{\"@type\":\"SearchAction\",\"target\":{\"@type\":\"EntryPoint\",\"urlTemplate\":\"https:\\\/\\\/zanae.gr\\\/de\\\/?s={search_term_string}\"},\"query-input\":{\"@type\":\"PropertyValueSpecification\",\"valueRequired\":true,\"valueName\":\"search_term_string\"}}],\"inLanguage\":\"de\"}]}<\/script>\n<!-- \/ Yoast SEO plugin. -->","yoast_head_json":{"title":"Symposium - Bohnen Salat mit Gem\u00fcse - Zanae","robots":{"index":"index","follow":"follow","max-snippet":"max-snippet:-1","max-image-preview":"max-image-preview:large","max-video-preview":"max-video-preview:-1"},"canonical":"https:\/\/zanae.gr\/de\/unsere-geschmacksrichtungen\/fertiggerichte\/symposium-de\/symposium-bohnen-salat-mit-gemuese\/","og_locale":"de_DE","og_type":"article","og_title":"Symposium - Bohnen Salat mit Gem\u00fcse - Zanae","og_description":"Mit frischen Zutaten und mediterraner Raffinesse beeindruckt dieser Salat bei jedem Bissen. Ideal als Beilage oder leichtes Hauptgericht \u2013 die perfekte Wahl f\u00fcr alle, die gesunde und leckere Aromen suchen.  Bereit zum Servieren.  An einem k\u00fchlen und trockenen Ort aufbewahren.  Nach dem \u00d6ffnen im K\u00fchlschrank aufbewahren und innerhalb von 3 Tagen verbrauchen.","og_url":"https:\/\/zanae.gr\/de\/unsere-geschmacksrichtungen\/fertiggerichte\/symposium-de\/symposium-bohnen-salat-mit-gemuese\/","og_site_name":"Zanae","article_publisher":"https:\/\/www.facebook.com\/www.zanae.gr\/?locale=el_GR","article_modified_time":"2025-08-25T12:36:53+00:00","og_image":[{"width":1000,"height":1000,"url":"https:\/\/zanae.gr\/wp-content\/uploads\/2024\/10\/symposium_mesogeiaki_fasolia.webp","type":"image\/webp"}],"twitter_card":"summary_large_image","twitter_misc":{"Gesch\u00e4tzte Lesezeit":"1\u00a0Minute"},"schema":{"@context":"https:\/\/schema.org","@graph":[{"@type":"WebPage","@id":"https:\/\/zanae.gr\/de\/unsere-geschmacksrichtungen\/fertiggerichte\/symposium-de\/symposium-bohnen-salat-mit-gemuese\/","url":"https:\/\/zanae.gr\/de\/unsere-geschmacksrichtungen\/fertiggerichte\/symposium-de\/symposium-bohnen-salat-mit-gemuese\/","name":"Symposium - Bohnen Salat mit Gem\u00fcse - Zanae","isPartOf":{"@id":"https:\/\/zanae.gr\/de\/#website"},"primaryImageOfPage":{"@id":"https:\/\/zanae.gr\/de\/unsere-geschmacksrichtungen\/fertiggerichte\/symposium-de\/symposium-bohnen-salat-mit-gemuese\/#primaryimage"},"image":{"@id":"https:\/\/zanae.gr\/de\/unsere-geschmacksrichtungen\/fertiggerichte\/symposium-de\/symposium-bohnen-salat-mit-gemuese\/#primaryimage"},"thumbnailUrl":"https:\/\/zanae.gr\/wp-content\/uploads\/2024\/10\/symposium_mesogeiaki_fasolia.webp","datePublished":"2024-10-15T09:13:25+00:00","dateModified":"2025-08-25T12:36:53+00:00","breadcrumb":{"@id":"https:\/\/zanae.gr\/de\/unsere-geschmacksrichtungen\/fertiggerichte\/symposium-de\/symposium-bohnen-salat-mit-gemuese\/#breadcrumb"},"inLanguage":"de","potentialAction":[{"@type":"ReadAction","target":["https:\/\/zanae.gr\/de\/unsere-geschmacksrichtungen\/fertiggerichte\/symposium-de\/symposium-bohnen-salat-mit-gemuese\/"]}]},{"@type":"ImageObject","inLanguage":"de","@id":"https:\/\/zanae.gr\/de\/unsere-geschmacksrichtungen\/fertiggerichte\/symposium-de\/symposium-bohnen-salat-mit-gemuese\/#primaryimage","url":"https:\/\/zanae.gr\/wp-content\/uploads\/2024\/10\/symposium_mesogeiaki_fasolia.webp","contentUrl":"https:\/\/zanae.gr\/wp-content\/uploads\/2024\/10\/symposium_mesogeiaki_fasolia.webp","width":1000,"height":1000},{"@type":"BreadcrumbList","@id":"https:\/\/zanae.gr\/de\/unsere-geschmacksrichtungen\/fertiggerichte\/symposium-de\/symposium-bohnen-salat-mit-gemuese\/#breadcrumb","itemListElement":[{"@type":"ListItem","position":1,"name":"\u0391\u03c1\u03c7\u03b9\u03ba\u03ae","item":"https:\/\/zanae.gr\/de\/"},{"@type":"ListItem","position":2,"name":"Shop","item":"https:\/\/zanae.gr\/?page_id=52"},{"@type":"ListItem","position":3,"name":"Symposium &#8211; Bohnen Salat mit Gem\u00fcse"}]},{"@type":"WebSite","@id":"https:\/\/zanae.gr\/de\/#website","url":"https:\/\/zanae.gr\/de\/","name":"Zanae","description":"","potentialAction":[{"@type":"SearchAction","target":{"@type":"EntryPoint","urlTemplate":"https:\/\/zanae.gr\/de\/?s={search_term_string}"},"query-input":{"@type":"PropertyValueSpecification","valueRequired":true,"valueName":"search_term_string"}}],"inLanguage":"de"}]}},"_links":{"self":[{"href":"https:\/\/zanae.gr\/de\/wp-json\/wp\/v2\/product\/6888","targetHints":{"allow":["GET"]}}],"collection":[{"href":"https:\/\/zanae.gr\/de\/wp-json\/wp\/v2\/product"}],"about":[{"href":"https:\/\/zanae.gr\/de\/wp-json\/wp\/v2\/types\/product"}],"wp:featuredmedia":[{"embeddable":true,"href":"https:\/\/zanae.gr\/de\/wp-json\/wp\/v2\/media\/4596"}],"wp:attachment":[{"href":"https:\/\/zanae.gr\/de\/wp-json\/wp\/v2\/media?parent=6888"}],"wp:term":[{"taxonomy":"product_brand","embeddable":true,"href":"https:\/\/zanae.gr\/de\/wp-json\/wp\/v2\/product_brand?post=6888"},{"taxonomy":"product_cat","embeddable":true,"href":"https:\/\/zanae.gr\/de\/wp-json\/wp\/v2\/product_cat?post=6888"},{"taxonomy":"product_tag","embeddable":true,"href":"https:\/\/zanae.gr\/de\/wp-json\/wp\/v2\/product_tag?post=6888"}],"curies":[{"name":"wp","href":"https:\/\/api.w.org\/{rel}","templated":true}]}}