{"id":7419,"date":"2025-06-16T10:49:11","date_gmt":"2025-06-16T07:49:11","guid":{"rendered":"https:\/\/zanae.gr\/unkategorisiert\/gruene-oliven-gefuellt-mit-paprikaschote-3\/"},"modified":"2025-08-27T12:00:01","modified_gmt":"2025-08-27T09:00:01","slug":"gruene-oliven-gefuellt-mit-paprikaschote-3","status":"publish","type":"product","link":"https:\/\/zanae.gr\/de\/foodservice-de\/fertiggerichte-f-de\/symposium-f-de\/gruene-oliven-gefuellt-mit-paprikaschote-3\/","title":{"rendered":"Symposium &#8211; Kichererbsen in Tomatenso\u00dfe"},"content":{"rendered":"","protected":false},"excerpt":{"rendered":"<p>Zarte Kichererbsen, gekocht in einer reichhaltigen Tomatenso\u00dfe, verfeinert mit mediterranen Kr\u00e4utern und Gew\u00fcrzen \u2013 eine harmonische Geschmackskomposition.<\/p>\n<p><strong>Bereit zum Servieren. <\/strong><br \/>\n<strong>An einem k\u00fchlen und trockenen Ort aufbewahren. <\/strong><br \/>\n<strong>Nach dem \u00d6ffnen im K\u00fchlschrank aufbewahren und innerhalb von 3 Tagen verbrauchen.<\/strong><\/p>\n","protected":false},"featured_media":6230,"template":"","meta":{"_acf_changed":false},"product_brand":[],"product_cat":[374],"product_tag":[],"class_list":{"0":"post-7419","1":"product","2":"type-product","3":"status-publish","4":"has-post-thumbnail","6":"product_cat-symposium-f-de","8":"first","9":"instock","10":"purchasable","11":"product-type-variable"},"acf":[],"yoast_head":"<!-- This site is optimized with the Yoast SEO plugin v27.3 - https:\/\/yoast.com\/product\/yoast-seo-wordpress\/ -->\n<title>Symposium - Kichererbsen in Tomatenso\u00dfe - Zanae<\/title>\n<meta name=\"robots\" content=\"index, follow, max-snippet:-1, max-image-preview:large, max-video-preview:-1\" \/>\n<link rel=\"canonical\" href=\"https:\/\/zanae.gr\/de\/foodservice-de\/fertiggerichte-f-de\/symposium-f-de\/gruene-oliven-gefuellt-mit-paprikaschote-3\/\" \/>\n<meta property=\"og:locale\" content=\"de_DE\" \/>\n<meta property=\"og:type\" content=\"article\" \/>\n<meta property=\"og:title\" content=\"Symposium - Kichererbsen in Tomatenso\u00dfe - Zanae\" \/>\n<meta property=\"og:description\" content=\"Zarte Kichererbsen, gekocht in einer reichhaltigen Tomatenso\u00dfe, verfeinert mit mediterranen Kr\u00e4utern und Gew\u00fcrzen \u2013 eine harmonische Geschmackskomposition.  Bereit zum Servieren.  An einem k\u00fchlen und trockenen Ort aufbewahren.  Nach dem \u00d6ffnen im K\u00fchlschrank aufbewahren und innerhalb von 3 Tagen verbrauchen.\" \/>\n<meta property=\"og:url\" content=\"https:\/\/zanae.gr\/de\/foodservice-de\/fertiggerichte-f-de\/symposium-f-de\/gruene-oliven-gefuellt-mit-paprikaschote-3\/\" \/>\n<meta property=\"og:site_name\" content=\"Zanae\" \/>\n<meta property=\"article:publisher\" content=\"https:\/\/www.facebook.com\/www.zanae.gr\/?locale=el_GR\" \/>\n<meta property=\"article:modified_time\" content=\"2025-08-27T09:00:01+00:00\" \/>\n<meta property=\"og:image\" content=\"https:\/\/zanae.gr\/wp-content\/uploads\/2025\/06\/symposium_revithia_tomata.webp\" \/>\n\t<meta property=\"og:image:width\" content=\"1000\" \/>\n\t<meta property=\"og:image:height\" content=\"1000\" \/>\n\t<meta property=\"og:image:type\" content=\"image\/webp\" \/>\n<meta name=\"twitter:card\" content=\"summary_large_image\" \/>\n<meta name=\"twitter:label1\" content=\"Gesch\u00e4tzte Lesezeit\" \/>\n\t<meta name=\"twitter:data1\" content=\"1\u00a0Minute\" \/>\n<script type=\"application\/ld+json\" class=\"yoast-schema-graph\">{\"@context\":\"https:\\\/\\\/schema.org\",\"@graph\":[{\"@type\":\"WebPage\",\"@id\":\"https:\\\/\\\/zanae.gr\\\/de\\\/foodservice-de\\\/fertiggerichte-f-de\\\/symposium-f-de\\\/gruene-oliven-gefuellt-mit-paprikaschote-3\\\/\",\"url\":\"https:\\\/\\\/zanae.gr\\\/de\\\/foodservice-de\\\/fertiggerichte-f-de\\\/symposium-f-de\\\/gruene-oliven-gefuellt-mit-paprikaschote-3\\\/\",\"name\":\"Symposium - Kichererbsen in Tomatenso\u00dfe - Zanae\",\"isPartOf\":{\"@id\":\"https:\\\/\\\/zanae.gr\\\/de\\\/#website\"},\"primaryImageOfPage\":{\"@id\":\"https:\\\/\\\/zanae.gr\\\/de\\\/foodservice-de\\\/fertiggerichte-f-de\\\/symposium-f-de\\\/gruene-oliven-gefuellt-mit-paprikaschote-3\\\/#primaryimage\"},\"image\":{\"@id\":\"https:\\\/\\\/zanae.gr\\\/de\\\/foodservice-de\\\/fertiggerichte-f-de\\\/symposium-f-de\\\/gruene-oliven-gefuellt-mit-paprikaschote-3\\\/#primaryimage\"},\"thumbnailUrl\":\"https:\\\/\\\/zanae.gr\\\/wp-content\\\/uploads\\\/2025\\\/06\\\/symposium_revithia_tomata.webp\",\"datePublished\":\"2025-06-16T07:49:11+00:00\",\"dateModified\":\"2025-08-27T09:00:01+00:00\",\"breadcrumb\":{\"@id\":\"https:\\\/\\\/zanae.gr\\\/de\\\/foodservice-de\\\/fertiggerichte-f-de\\\/symposium-f-de\\\/gruene-oliven-gefuellt-mit-paprikaschote-3\\\/#breadcrumb\"},\"inLanguage\":\"de\",\"potentialAction\":[{\"@type\":\"ReadAction\",\"target\":[\"https:\\\/\\\/zanae.gr\\\/de\\\/foodservice-de\\\/fertiggerichte-f-de\\\/symposium-f-de\\\/gruene-oliven-gefuellt-mit-paprikaschote-3\\\/\"]}]},{\"@type\":\"ImageObject\",\"inLanguage\":\"de\",\"@id\":\"https:\\\/\\\/zanae.gr\\\/de\\\/foodservice-de\\\/fertiggerichte-f-de\\\/symposium-f-de\\\/gruene-oliven-gefuellt-mit-paprikaschote-3\\\/#primaryimage\",\"url\":\"https:\\\/\\\/zanae.gr\\\/wp-content\\\/uploads\\\/2025\\\/06\\\/symposium_revithia_tomata.webp\",\"contentUrl\":\"https:\\\/\\\/zanae.gr\\\/wp-content\\\/uploads\\\/2025\\\/06\\\/symposium_revithia_tomata.webp\",\"width\":1000,\"height\":1000},{\"@type\":\"BreadcrumbList\",\"@id\":\"https:\\\/\\\/zanae.gr\\\/de\\\/foodservice-de\\\/fertiggerichte-f-de\\\/symposium-f-de\\\/gruene-oliven-gefuellt-mit-paprikaschote-3\\\/#breadcrumb\",\"itemListElement\":[{\"@type\":\"ListItem\",\"position\":1,\"name\":\"\u0391\u03c1\u03c7\u03b9\u03ba\u03ae\",\"item\":\"https:\\\/\\\/zanae.gr\\\/de\\\/\"},{\"@type\":\"ListItem\",\"position\":2,\"name\":\"Shop\",\"item\":\"https:\\\/\\\/zanae.gr\\\/?page_id=52\"},{\"@type\":\"ListItem\",\"position\":3,\"name\":\"Symposium &#8211; Kichererbsen in Tomatenso\u00dfe\"}]},{\"@type\":\"WebSite\",\"@id\":\"https:\\\/\\\/zanae.gr\\\/de\\\/#website\",\"url\":\"https:\\\/\\\/zanae.gr\\\/de\\\/\",\"name\":\"Zanae\",\"description\":\"\",\"potentialAction\":[{\"@type\":\"SearchAction\",\"target\":{\"@type\":\"EntryPoint\",\"urlTemplate\":\"https:\\\/\\\/zanae.gr\\\/de\\\/?s={search_term_string}\"},\"query-input\":{\"@type\":\"PropertyValueSpecification\",\"valueRequired\":true,\"valueName\":\"search_term_string\"}}],\"inLanguage\":\"de\"}]}<\/script>\n<!-- \/ Yoast SEO plugin. -->","yoast_head_json":{"title":"Symposium - Kichererbsen in Tomatenso\u00dfe - Zanae","robots":{"index":"index","follow":"follow","max-snippet":"max-snippet:-1","max-image-preview":"max-image-preview:large","max-video-preview":"max-video-preview:-1"},"canonical":"https:\/\/zanae.gr\/de\/foodservice-de\/fertiggerichte-f-de\/symposium-f-de\/gruene-oliven-gefuellt-mit-paprikaschote-3\/","og_locale":"de_DE","og_type":"article","og_title":"Symposium - Kichererbsen in Tomatenso\u00dfe - Zanae","og_description":"Zarte Kichererbsen, gekocht in einer reichhaltigen Tomatenso\u00dfe, verfeinert mit mediterranen Kr\u00e4utern und Gew\u00fcrzen \u2013 eine harmonische Geschmackskomposition.  Bereit zum Servieren.  An einem k\u00fchlen und trockenen Ort aufbewahren.  Nach dem \u00d6ffnen im K\u00fchlschrank aufbewahren und innerhalb von 3 Tagen verbrauchen.","og_url":"https:\/\/zanae.gr\/de\/foodservice-de\/fertiggerichte-f-de\/symposium-f-de\/gruene-oliven-gefuellt-mit-paprikaschote-3\/","og_site_name":"Zanae","article_publisher":"https:\/\/www.facebook.com\/www.zanae.gr\/?locale=el_GR","article_modified_time":"2025-08-27T09:00:01+00:00","og_image":[{"width":1000,"height":1000,"url":"https:\/\/zanae.gr\/wp-content\/uploads\/2025\/06\/symposium_revithia_tomata.webp","type":"image\/webp"}],"twitter_card":"summary_large_image","twitter_misc":{"Gesch\u00e4tzte Lesezeit":"1\u00a0Minute"},"schema":{"@context":"https:\/\/schema.org","@graph":[{"@type":"WebPage","@id":"https:\/\/zanae.gr\/de\/foodservice-de\/fertiggerichte-f-de\/symposium-f-de\/gruene-oliven-gefuellt-mit-paprikaschote-3\/","url":"https:\/\/zanae.gr\/de\/foodservice-de\/fertiggerichte-f-de\/symposium-f-de\/gruene-oliven-gefuellt-mit-paprikaschote-3\/","name":"Symposium - Kichererbsen in Tomatenso\u00dfe - Zanae","isPartOf":{"@id":"https:\/\/zanae.gr\/de\/#website"},"primaryImageOfPage":{"@id":"https:\/\/zanae.gr\/de\/foodservice-de\/fertiggerichte-f-de\/symposium-f-de\/gruene-oliven-gefuellt-mit-paprikaschote-3\/#primaryimage"},"image":{"@id":"https:\/\/zanae.gr\/de\/foodservice-de\/fertiggerichte-f-de\/symposium-f-de\/gruene-oliven-gefuellt-mit-paprikaschote-3\/#primaryimage"},"thumbnailUrl":"https:\/\/zanae.gr\/wp-content\/uploads\/2025\/06\/symposium_revithia_tomata.webp","datePublished":"2025-06-16T07:49:11+00:00","dateModified":"2025-08-27T09:00:01+00:00","breadcrumb":{"@id":"https:\/\/zanae.gr\/de\/foodservice-de\/fertiggerichte-f-de\/symposium-f-de\/gruene-oliven-gefuellt-mit-paprikaschote-3\/#breadcrumb"},"inLanguage":"de","potentialAction":[{"@type":"ReadAction","target":["https:\/\/zanae.gr\/de\/foodservice-de\/fertiggerichte-f-de\/symposium-f-de\/gruene-oliven-gefuellt-mit-paprikaschote-3\/"]}]},{"@type":"ImageObject","inLanguage":"de","@id":"https:\/\/zanae.gr\/de\/foodservice-de\/fertiggerichte-f-de\/symposium-f-de\/gruene-oliven-gefuellt-mit-paprikaschote-3\/#primaryimage","url":"https:\/\/zanae.gr\/wp-content\/uploads\/2025\/06\/symposium_revithia_tomata.webp","contentUrl":"https:\/\/zanae.gr\/wp-content\/uploads\/2025\/06\/symposium_revithia_tomata.webp","width":1000,"height":1000},{"@type":"BreadcrumbList","@id":"https:\/\/zanae.gr\/de\/foodservice-de\/fertiggerichte-f-de\/symposium-f-de\/gruene-oliven-gefuellt-mit-paprikaschote-3\/#breadcrumb","itemListElement":[{"@type":"ListItem","position":1,"name":"\u0391\u03c1\u03c7\u03b9\u03ba\u03ae","item":"https:\/\/zanae.gr\/de\/"},{"@type":"ListItem","position":2,"name":"Shop","item":"https:\/\/zanae.gr\/?page_id=52"},{"@type":"ListItem","position":3,"name":"Symposium &#8211; Kichererbsen in Tomatenso\u00dfe"}]},{"@type":"WebSite","@id":"https:\/\/zanae.gr\/de\/#website","url":"https:\/\/zanae.gr\/de\/","name":"Zanae","description":"","potentialAction":[{"@type":"SearchAction","target":{"@type":"EntryPoint","urlTemplate":"https:\/\/zanae.gr\/de\/?s={search_term_string}"},"query-input":{"@type":"PropertyValueSpecification","valueRequired":true,"valueName":"search_term_string"}}],"inLanguage":"de"}]}},"_links":{"self":[{"href":"https:\/\/zanae.gr\/de\/wp-json\/wp\/v2\/product\/7419","targetHints":{"allow":["GET"]}}],"collection":[{"href":"https:\/\/zanae.gr\/de\/wp-json\/wp\/v2\/product"}],"about":[{"href":"https:\/\/zanae.gr\/de\/wp-json\/wp\/v2\/types\/product"}],"wp:featuredmedia":[{"embeddable":true,"href":"https:\/\/zanae.gr\/de\/wp-json\/wp\/v2\/media\/6230"}],"wp:attachment":[{"href":"https:\/\/zanae.gr\/de\/wp-json\/wp\/v2\/media?parent=7419"}],"wp:term":[{"taxonomy":"product_brand","embeddable":true,"href":"https:\/\/zanae.gr\/de\/wp-json\/wp\/v2\/product_brand?post=7419"},{"taxonomy":"product_cat","embeddable":true,"href":"https:\/\/zanae.gr\/de\/wp-json\/wp\/v2\/product_cat?post=7419"},{"taxonomy":"product_tag","embeddable":true,"href":"https:\/\/zanae.gr\/de\/wp-json\/wp\/v2\/product_tag?post=7419"}],"curies":[{"name":"wp","href":"https:\/\/api.w.org\/{rel}","templated":true}]}}