{"id":7522,"date":"2025-06-16T10:44:22","date_gmt":"2025-06-16T07:44:22","guid":{"rendered":"https:\/\/zanae.gr\/unkategorisiert\/griechische-bohnensuppe-3\/"},"modified":"2025-08-25T17:19:42","modified_gmt":"2025-08-25T14:19:42","slug":"griechische-bohnensuppe-3","status":"publish","type":"product","link":"https:\/\/zanae.gr\/de\/foodservice-de\/zutaten-fur-profis\/griechische-bohnensuppe-3\/","title":{"rendered":"Sonnenblumen\u00f6l"},"content":{"rendered":"","protected":false},"excerpt":{"rendered":"<p>100 % pflanzliches Sonnenblumen\u00f6l aus Sonnenblumenkernen, unverzichtbar f\u00fcr jeden Profi-Koch, bietet milden Geschmack und hohe Hitzestabilit\u00e4t. Ideal zum Frittieren, Sautieren und f\u00fcr Dressings, verst\u00e4rkt es den Geschmack der Gerichte und sorgt f\u00fcr exzellente Ergebnisse in jeder K\u00fcche.<\/p>\n<p><strong>Das Produkt ist gebrauchsfertig. <\/strong><br \/>\n<strong>K\u00fchl und schattig bei Raumtemperatur (20\u00b0C) lagern<\/strong>.<\/p>\n","protected":false},"featured_media":6334,"template":"","meta":{"_acf_changed":false},"product_brand":[],"product_cat":[395,376],"product_tag":[],"class_list":{"0":"post-7522","1":"product","2":"type-product","3":"status-publish","4":"has-post-thumbnail","6":"product_cat-ole","7":"product_cat-zutaten-fur-profis","9":"first","10":"instock","11":"purchasable","12":"product-type-variable"},"acf":[],"yoast_head":"<!-- This site is optimized with the Yoast SEO plugin v27.3 - https:\/\/yoast.com\/product\/yoast-seo-wordpress\/ -->\n<title>Sonnenblumen\u00f6l - Zanae<\/title>\n<meta name=\"robots\" content=\"index, follow, max-snippet:-1, max-image-preview:large, max-video-preview:-1\" \/>\n<link rel=\"canonical\" href=\"https:\/\/zanae.gr\/de\/foodservice-de\/zutaten-fur-profis\/griechische-bohnensuppe-3\/\" \/>\n<meta property=\"og:locale\" content=\"de_DE\" \/>\n<meta property=\"og:type\" content=\"article\" \/>\n<meta property=\"og:title\" content=\"Sonnenblumen\u00f6l - Zanae\" \/>\n<meta property=\"og:description\" content=\"100 % pflanzliches Sonnenblumen\u00f6l aus Sonnenblumenkernen, unverzichtbar f\u00fcr jeden Profi-Koch, bietet milden Geschmack und hohe Hitzestabilit\u00e4t. Ideal zum Frittieren, Sautieren und f\u00fcr Dressings, verst\u00e4rkt es den Geschmack der Gerichte und sorgt f\u00fcr exzellente Ergebnisse in jeder K\u00fcche.  Das Produkt ist gebrauchsfertig.  K\u00fchl und schattig bei Raumtemperatur (20\u00b0C) lagern.\" \/>\n<meta property=\"og:url\" content=\"https:\/\/zanae.gr\/de\/foodservice-de\/zutaten-fur-profis\/griechische-bohnensuppe-3\/\" \/>\n<meta property=\"og:site_name\" content=\"Zanae\" \/>\n<meta property=\"article:publisher\" content=\"https:\/\/www.facebook.com\/www.zanae.gr\/?locale=el_GR\" \/>\n<meta property=\"article:modified_time\" content=\"2025-08-25T14:19:42+00:00\" \/>\n<meta property=\"og:image\" content=\"https:\/\/zanae.gr\/wp-content\/uploads\/2025\/06\/ilielaio.webp\" \/>\n\t<meta property=\"og:image:width\" content=\"1200\" \/>\n\t<meta property=\"og:image:height\" content=\"1200\" \/>\n\t<meta property=\"og:image:type\" content=\"image\/webp\" \/>\n<meta name=\"twitter:card\" content=\"summary_large_image\" \/>\n<meta name=\"twitter:label1\" content=\"Gesch\u00e4tzte Lesezeit\" \/>\n\t<meta name=\"twitter:data1\" content=\"1\u00a0Minute\" \/>\n<script type=\"application\/ld+json\" class=\"yoast-schema-graph\">{\"@context\":\"https:\\\/\\\/schema.org\",\"@graph\":[{\"@type\":\"WebPage\",\"@id\":\"https:\\\/\\\/zanae.gr\\\/de\\\/foodservice-de\\\/zutaten-fur-profis\\\/griechische-bohnensuppe-3\\\/\",\"url\":\"https:\\\/\\\/zanae.gr\\\/de\\\/foodservice-de\\\/zutaten-fur-profis\\\/griechische-bohnensuppe-3\\\/\",\"name\":\"Sonnenblumen\u00f6l - Zanae\",\"isPartOf\":{\"@id\":\"https:\\\/\\\/zanae.gr\\\/de\\\/#website\"},\"primaryImageOfPage\":{\"@id\":\"https:\\\/\\\/zanae.gr\\\/de\\\/foodservice-de\\\/zutaten-fur-profis\\\/griechische-bohnensuppe-3\\\/#primaryimage\"},\"image\":{\"@id\":\"https:\\\/\\\/zanae.gr\\\/de\\\/foodservice-de\\\/zutaten-fur-profis\\\/griechische-bohnensuppe-3\\\/#primaryimage\"},\"thumbnailUrl\":\"https:\\\/\\\/zanae.gr\\\/wp-content\\\/uploads\\\/2025\\\/06\\\/ilielaio.webp\",\"datePublished\":\"2025-06-16T07:44:22+00:00\",\"dateModified\":\"2025-08-25T14:19:42+00:00\",\"breadcrumb\":{\"@id\":\"https:\\\/\\\/zanae.gr\\\/de\\\/foodservice-de\\\/zutaten-fur-profis\\\/griechische-bohnensuppe-3\\\/#breadcrumb\"},\"inLanguage\":\"de\",\"potentialAction\":[{\"@type\":\"ReadAction\",\"target\":[\"https:\\\/\\\/zanae.gr\\\/de\\\/foodservice-de\\\/zutaten-fur-profis\\\/griechische-bohnensuppe-3\\\/\"]}]},{\"@type\":\"ImageObject\",\"inLanguage\":\"de\",\"@id\":\"https:\\\/\\\/zanae.gr\\\/de\\\/foodservice-de\\\/zutaten-fur-profis\\\/griechische-bohnensuppe-3\\\/#primaryimage\",\"url\":\"https:\\\/\\\/zanae.gr\\\/wp-content\\\/uploads\\\/2025\\\/06\\\/ilielaio.webp\",\"contentUrl\":\"https:\\\/\\\/zanae.gr\\\/wp-content\\\/uploads\\\/2025\\\/06\\\/ilielaio.webp\",\"width\":1200,\"height\":1200},{\"@type\":\"BreadcrumbList\",\"@id\":\"https:\\\/\\\/zanae.gr\\\/de\\\/foodservice-de\\\/zutaten-fur-profis\\\/griechische-bohnensuppe-3\\\/#breadcrumb\",\"itemListElement\":[{\"@type\":\"ListItem\",\"position\":1,\"name\":\"\u0391\u03c1\u03c7\u03b9\u03ba\u03ae\",\"item\":\"https:\\\/\\\/zanae.gr\\\/de\\\/\"},{\"@type\":\"ListItem\",\"position\":2,\"name\":\"Shop\",\"item\":\"https:\\\/\\\/zanae.gr\\\/?page_id=52\"},{\"@type\":\"ListItem\",\"position\":3,\"name\":\"Sonnenblumen\u00f6l\"}]},{\"@type\":\"WebSite\",\"@id\":\"https:\\\/\\\/zanae.gr\\\/de\\\/#website\",\"url\":\"https:\\\/\\\/zanae.gr\\\/de\\\/\",\"name\":\"Zanae\",\"description\":\"\",\"potentialAction\":[{\"@type\":\"SearchAction\",\"target\":{\"@type\":\"EntryPoint\",\"urlTemplate\":\"https:\\\/\\\/zanae.gr\\\/de\\\/?s={search_term_string}\"},\"query-input\":{\"@type\":\"PropertyValueSpecification\",\"valueRequired\":true,\"valueName\":\"search_term_string\"}}],\"inLanguage\":\"de\"}]}<\/script>\n<!-- \/ Yoast SEO plugin. -->","yoast_head_json":{"title":"Sonnenblumen\u00f6l - Zanae","robots":{"index":"index","follow":"follow","max-snippet":"max-snippet:-1","max-image-preview":"max-image-preview:large","max-video-preview":"max-video-preview:-1"},"canonical":"https:\/\/zanae.gr\/de\/foodservice-de\/zutaten-fur-profis\/griechische-bohnensuppe-3\/","og_locale":"de_DE","og_type":"article","og_title":"Sonnenblumen\u00f6l - Zanae","og_description":"100 % pflanzliches Sonnenblumen\u00f6l aus Sonnenblumenkernen, unverzichtbar f\u00fcr jeden Profi-Koch, bietet milden Geschmack und hohe Hitzestabilit\u00e4t. Ideal zum Frittieren, Sautieren und f\u00fcr Dressings, verst\u00e4rkt es den Geschmack der Gerichte und sorgt f\u00fcr exzellente Ergebnisse in jeder K\u00fcche.  Das Produkt ist gebrauchsfertig.  K\u00fchl und schattig bei Raumtemperatur (20\u00b0C) lagern.","og_url":"https:\/\/zanae.gr\/de\/foodservice-de\/zutaten-fur-profis\/griechische-bohnensuppe-3\/","og_site_name":"Zanae","article_publisher":"https:\/\/www.facebook.com\/www.zanae.gr\/?locale=el_GR","article_modified_time":"2025-08-25T14:19:42+00:00","og_image":[{"width":1200,"height":1200,"url":"https:\/\/zanae.gr\/wp-content\/uploads\/2025\/06\/ilielaio.webp","type":"image\/webp"}],"twitter_card":"summary_large_image","twitter_misc":{"Gesch\u00e4tzte Lesezeit":"1\u00a0Minute"},"schema":{"@context":"https:\/\/schema.org","@graph":[{"@type":"WebPage","@id":"https:\/\/zanae.gr\/de\/foodservice-de\/zutaten-fur-profis\/griechische-bohnensuppe-3\/","url":"https:\/\/zanae.gr\/de\/foodservice-de\/zutaten-fur-profis\/griechische-bohnensuppe-3\/","name":"Sonnenblumen\u00f6l - Zanae","isPartOf":{"@id":"https:\/\/zanae.gr\/de\/#website"},"primaryImageOfPage":{"@id":"https:\/\/zanae.gr\/de\/foodservice-de\/zutaten-fur-profis\/griechische-bohnensuppe-3\/#primaryimage"},"image":{"@id":"https:\/\/zanae.gr\/de\/foodservice-de\/zutaten-fur-profis\/griechische-bohnensuppe-3\/#primaryimage"},"thumbnailUrl":"https:\/\/zanae.gr\/wp-content\/uploads\/2025\/06\/ilielaio.webp","datePublished":"2025-06-16T07:44:22+00:00","dateModified":"2025-08-25T14:19:42+00:00","breadcrumb":{"@id":"https:\/\/zanae.gr\/de\/foodservice-de\/zutaten-fur-profis\/griechische-bohnensuppe-3\/#breadcrumb"},"inLanguage":"de","potentialAction":[{"@type":"ReadAction","target":["https:\/\/zanae.gr\/de\/foodservice-de\/zutaten-fur-profis\/griechische-bohnensuppe-3\/"]}]},{"@type":"ImageObject","inLanguage":"de","@id":"https:\/\/zanae.gr\/de\/foodservice-de\/zutaten-fur-profis\/griechische-bohnensuppe-3\/#primaryimage","url":"https:\/\/zanae.gr\/wp-content\/uploads\/2025\/06\/ilielaio.webp","contentUrl":"https:\/\/zanae.gr\/wp-content\/uploads\/2025\/06\/ilielaio.webp","width":1200,"height":1200},{"@type":"BreadcrumbList","@id":"https:\/\/zanae.gr\/de\/foodservice-de\/zutaten-fur-profis\/griechische-bohnensuppe-3\/#breadcrumb","itemListElement":[{"@type":"ListItem","position":1,"name":"\u0391\u03c1\u03c7\u03b9\u03ba\u03ae","item":"https:\/\/zanae.gr\/de\/"},{"@type":"ListItem","position":2,"name":"Shop","item":"https:\/\/zanae.gr\/?page_id=52"},{"@type":"ListItem","position":3,"name":"Sonnenblumen\u00f6l"}]},{"@type":"WebSite","@id":"https:\/\/zanae.gr\/de\/#website","url":"https:\/\/zanae.gr\/de\/","name":"Zanae","description":"","potentialAction":[{"@type":"SearchAction","target":{"@type":"EntryPoint","urlTemplate":"https:\/\/zanae.gr\/de\/?s={search_term_string}"},"query-input":{"@type":"PropertyValueSpecification","valueRequired":true,"valueName":"search_term_string"}}],"inLanguage":"de"}]}},"_links":{"self":[{"href":"https:\/\/zanae.gr\/de\/wp-json\/wp\/v2\/product\/7522","targetHints":{"allow":["GET"]}}],"collection":[{"href":"https:\/\/zanae.gr\/de\/wp-json\/wp\/v2\/product"}],"about":[{"href":"https:\/\/zanae.gr\/de\/wp-json\/wp\/v2\/types\/product"}],"wp:featuredmedia":[{"embeddable":true,"href":"https:\/\/zanae.gr\/de\/wp-json\/wp\/v2\/media\/6334"}],"wp:attachment":[{"href":"https:\/\/zanae.gr\/de\/wp-json\/wp\/v2\/media?parent=7522"}],"wp:term":[{"taxonomy":"product_brand","embeddable":true,"href":"https:\/\/zanae.gr\/de\/wp-json\/wp\/v2\/product_brand?post=7522"},{"taxonomy":"product_cat","embeddable":true,"href":"https:\/\/zanae.gr\/de\/wp-json\/wp\/v2\/product_cat?post=7522"},{"taxonomy":"product_tag","embeddable":true,"href":"https:\/\/zanae.gr\/de\/wp-json\/wp\/v2\/product_tag?post=7522"}],"curies":[{"name":"wp","href":"https:\/\/api.w.org\/{rel}","templated":true}]}}