{"id":9174,"date":"2025-06-16T10:42:10","date_gmt":"2025-06-16T07:42:10","guid":{"rendered":"https:\/\/zanae.gr\/unkategorisiert\/kotosoupa-de\/"},"modified":"2025-08-26T16:02:40","modified_gmt":"2025-08-26T13:02:40","slug":"kotosoupa-de","status":"publish","type":"product","link":"https:\/\/zanae.gr\/de\/foodservice-de\/fertiggerichte-f-de\/suppen-de\/kotosoupa-de\/","title":{"rendered":"H\u00fchnersuppe wie hausgemacht"},"content":{"rendered":"","protected":false},"excerpt":{"rendered":"<p>Mit zarten H\u00e4hnchenst\u00fccken, frischem Gem\u00fcse und dem unverwechselbaren Geschmack von hausgemachtem Essen. Perfekt f\u00fcr kalte Tage, ein s\u00e4ttigende Mahlzeit.<\/p>\n<p><strong>Bereit zum Servieren. <\/strong><br \/>\n<strong>An einem k\u00fchlen und trockenen Ort aufbewahren. <\/strong><br \/>\n<strong>Nach dem \u00d6ffnen im K\u00fchlschrank aufbewahren und innerhalb von 3 Tagen verbrauchen.<\/strong><\/p>\n","protected":false},"featured_media":5845,"template":"","meta":{"_acf_changed":false},"product_brand":[],"product_cat":[382],"product_tag":[],"class_list":{"0":"post-9174","1":"product","2":"type-product","3":"status-publish","4":"has-post-thumbnail","6":"product_cat-suppen-de","8":"first","9":"instock","10":"purchasable","11":"product-type-variable"},"acf":[],"yoast_head":"<!-- This site is optimized with the Yoast SEO plugin v27.3 - https:\/\/yoast.com\/product\/yoast-seo-wordpress\/ -->\n<title>H\u00fchnersuppe wie hausgemacht - Zanae<\/title>\n<meta name=\"robots\" content=\"index, follow, max-snippet:-1, max-image-preview:large, max-video-preview:-1\" \/>\n<link rel=\"canonical\" href=\"https:\/\/zanae.gr\/de\/foodservice-de\/fertiggerichte-f-de\/suppen-de\/kotosoupa-de\/\" \/>\n<meta property=\"og:locale\" content=\"de_DE\" \/>\n<meta property=\"og:type\" content=\"article\" \/>\n<meta property=\"og:title\" content=\"H\u00fchnersuppe wie hausgemacht - Zanae\" \/>\n<meta property=\"og:description\" content=\"Mit zarten H\u00e4hnchenst\u00fccken, frischem Gem\u00fcse und dem unverwechselbaren Geschmack von hausgemachtem Essen. Perfekt f\u00fcr kalte Tage, ein s\u00e4ttigende Mahlzeit.  Bereit zum Servieren.  An einem k\u00fchlen und trockenen Ort aufbewahren.  Nach dem \u00d6ffnen im K\u00fchlschrank aufbewahren und innerhalb von 3 Tagen verbrauchen.\" \/>\n<meta property=\"og:url\" content=\"https:\/\/zanae.gr\/de\/foodservice-de\/fertiggerichte-f-de\/suppen-de\/kotosoupa-de\/\" \/>\n<meta property=\"og:site_name\" content=\"Zanae\" \/>\n<meta property=\"article:publisher\" content=\"https:\/\/www.facebook.com\/www.zanae.gr\/?locale=el_GR\" \/>\n<meta property=\"article:modified_time\" content=\"2025-08-26T13:02:40+00:00\" \/>\n<meta property=\"og:image\" content=\"https:\/\/zanae.gr\/wp-content\/uploads\/2025\/06\/kotosoupa-1.webp\" \/>\n\t<meta property=\"og:image:width\" content=\"1000\" \/>\n\t<meta property=\"og:image:height\" content=\"1000\" \/>\n\t<meta property=\"og:image:type\" content=\"image\/webp\" \/>\n<meta name=\"twitter:card\" content=\"summary_large_image\" \/>\n<meta name=\"twitter:label1\" content=\"Gesch\u00e4tzte Lesezeit\" \/>\n\t<meta name=\"twitter:data1\" content=\"1\u00a0Minute\" \/>\n<script type=\"application\/ld+json\" class=\"yoast-schema-graph\">{\"@context\":\"https:\\\/\\\/schema.org\",\"@graph\":[{\"@type\":\"WebPage\",\"@id\":\"https:\\\/\\\/zanae.gr\\\/de\\\/foodservice-de\\\/fertiggerichte-f-de\\\/suppen-de\\\/kotosoupa-de\\\/\",\"url\":\"https:\\\/\\\/zanae.gr\\\/de\\\/foodservice-de\\\/fertiggerichte-f-de\\\/suppen-de\\\/kotosoupa-de\\\/\",\"name\":\"H\u00fchnersuppe wie hausgemacht - Zanae\",\"isPartOf\":{\"@id\":\"https:\\\/\\\/zanae.gr\\\/de\\\/#website\"},\"primaryImageOfPage\":{\"@id\":\"https:\\\/\\\/zanae.gr\\\/de\\\/foodservice-de\\\/fertiggerichte-f-de\\\/suppen-de\\\/kotosoupa-de\\\/#primaryimage\"},\"image\":{\"@id\":\"https:\\\/\\\/zanae.gr\\\/de\\\/foodservice-de\\\/fertiggerichte-f-de\\\/suppen-de\\\/kotosoupa-de\\\/#primaryimage\"},\"thumbnailUrl\":\"https:\\\/\\\/zanae.gr\\\/wp-content\\\/uploads\\\/2025\\\/06\\\/kotosoupa-1.webp\",\"datePublished\":\"2025-06-16T07:42:10+00:00\",\"dateModified\":\"2025-08-26T13:02:40+00:00\",\"breadcrumb\":{\"@id\":\"https:\\\/\\\/zanae.gr\\\/de\\\/foodservice-de\\\/fertiggerichte-f-de\\\/suppen-de\\\/kotosoupa-de\\\/#breadcrumb\"},\"inLanguage\":\"de\",\"potentialAction\":[{\"@type\":\"ReadAction\",\"target\":[\"https:\\\/\\\/zanae.gr\\\/de\\\/foodservice-de\\\/fertiggerichte-f-de\\\/suppen-de\\\/kotosoupa-de\\\/\"]}]},{\"@type\":\"ImageObject\",\"inLanguage\":\"de\",\"@id\":\"https:\\\/\\\/zanae.gr\\\/de\\\/foodservice-de\\\/fertiggerichte-f-de\\\/suppen-de\\\/kotosoupa-de\\\/#primaryimage\",\"url\":\"https:\\\/\\\/zanae.gr\\\/wp-content\\\/uploads\\\/2025\\\/06\\\/kotosoupa-1.webp\",\"contentUrl\":\"https:\\\/\\\/zanae.gr\\\/wp-content\\\/uploads\\\/2025\\\/06\\\/kotosoupa-1.webp\",\"width\":1000,\"height\":1000},{\"@type\":\"BreadcrumbList\",\"@id\":\"https:\\\/\\\/zanae.gr\\\/de\\\/foodservice-de\\\/fertiggerichte-f-de\\\/suppen-de\\\/kotosoupa-de\\\/#breadcrumb\",\"itemListElement\":[{\"@type\":\"ListItem\",\"position\":1,\"name\":\"\u0391\u03c1\u03c7\u03b9\u03ba\u03ae\",\"item\":\"https:\\\/\\\/zanae.gr\\\/de\\\/\"},{\"@type\":\"ListItem\",\"position\":2,\"name\":\"Shop\",\"item\":\"https:\\\/\\\/zanae.gr\\\/?page_id=52\"},{\"@type\":\"ListItem\",\"position\":3,\"name\":\"H\u00fchnersuppe wie hausgemacht\"}]},{\"@type\":\"WebSite\",\"@id\":\"https:\\\/\\\/zanae.gr\\\/de\\\/#website\",\"url\":\"https:\\\/\\\/zanae.gr\\\/de\\\/\",\"name\":\"Zanae\",\"description\":\"\",\"potentialAction\":[{\"@type\":\"SearchAction\",\"target\":{\"@type\":\"EntryPoint\",\"urlTemplate\":\"https:\\\/\\\/zanae.gr\\\/de\\\/?s={search_term_string}\"},\"query-input\":{\"@type\":\"PropertyValueSpecification\",\"valueRequired\":true,\"valueName\":\"search_term_string\"}}],\"inLanguage\":\"de\"}]}<\/script>\n<!-- \/ Yoast SEO plugin. -->","yoast_head_json":{"title":"H\u00fchnersuppe wie hausgemacht - Zanae","robots":{"index":"index","follow":"follow","max-snippet":"max-snippet:-1","max-image-preview":"max-image-preview:large","max-video-preview":"max-video-preview:-1"},"canonical":"https:\/\/zanae.gr\/de\/foodservice-de\/fertiggerichte-f-de\/suppen-de\/kotosoupa-de\/","og_locale":"de_DE","og_type":"article","og_title":"H\u00fchnersuppe wie hausgemacht - Zanae","og_description":"Mit zarten H\u00e4hnchenst\u00fccken, frischem Gem\u00fcse und dem unverwechselbaren Geschmack von hausgemachtem Essen. Perfekt f\u00fcr kalte Tage, ein s\u00e4ttigende Mahlzeit.  Bereit zum Servieren.  An einem k\u00fchlen und trockenen Ort aufbewahren.  Nach dem \u00d6ffnen im K\u00fchlschrank aufbewahren und innerhalb von 3 Tagen verbrauchen.","og_url":"https:\/\/zanae.gr\/de\/foodservice-de\/fertiggerichte-f-de\/suppen-de\/kotosoupa-de\/","og_site_name":"Zanae","article_publisher":"https:\/\/www.facebook.com\/www.zanae.gr\/?locale=el_GR","article_modified_time":"2025-08-26T13:02:40+00:00","og_image":[{"width":1000,"height":1000,"url":"https:\/\/zanae.gr\/wp-content\/uploads\/2025\/06\/kotosoupa-1.webp","type":"image\/webp"}],"twitter_card":"summary_large_image","twitter_misc":{"Gesch\u00e4tzte Lesezeit":"1\u00a0Minute"},"schema":{"@context":"https:\/\/schema.org","@graph":[{"@type":"WebPage","@id":"https:\/\/zanae.gr\/de\/foodservice-de\/fertiggerichte-f-de\/suppen-de\/kotosoupa-de\/","url":"https:\/\/zanae.gr\/de\/foodservice-de\/fertiggerichte-f-de\/suppen-de\/kotosoupa-de\/","name":"H\u00fchnersuppe wie hausgemacht - Zanae","isPartOf":{"@id":"https:\/\/zanae.gr\/de\/#website"},"primaryImageOfPage":{"@id":"https:\/\/zanae.gr\/de\/foodservice-de\/fertiggerichte-f-de\/suppen-de\/kotosoupa-de\/#primaryimage"},"image":{"@id":"https:\/\/zanae.gr\/de\/foodservice-de\/fertiggerichte-f-de\/suppen-de\/kotosoupa-de\/#primaryimage"},"thumbnailUrl":"https:\/\/zanae.gr\/wp-content\/uploads\/2025\/06\/kotosoupa-1.webp","datePublished":"2025-06-16T07:42:10+00:00","dateModified":"2025-08-26T13:02:40+00:00","breadcrumb":{"@id":"https:\/\/zanae.gr\/de\/foodservice-de\/fertiggerichte-f-de\/suppen-de\/kotosoupa-de\/#breadcrumb"},"inLanguage":"de","potentialAction":[{"@type":"ReadAction","target":["https:\/\/zanae.gr\/de\/foodservice-de\/fertiggerichte-f-de\/suppen-de\/kotosoupa-de\/"]}]},{"@type":"ImageObject","inLanguage":"de","@id":"https:\/\/zanae.gr\/de\/foodservice-de\/fertiggerichte-f-de\/suppen-de\/kotosoupa-de\/#primaryimage","url":"https:\/\/zanae.gr\/wp-content\/uploads\/2025\/06\/kotosoupa-1.webp","contentUrl":"https:\/\/zanae.gr\/wp-content\/uploads\/2025\/06\/kotosoupa-1.webp","width":1000,"height":1000},{"@type":"BreadcrumbList","@id":"https:\/\/zanae.gr\/de\/foodservice-de\/fertiggerichte-f-de\/suppen-de\/kotosoupa-de\/#breadcrumb","itemListElement":[{"@type":"ListItem","position":1,"name":"\u0391\u03c1\u03c7\u03b9\u03ba\u03ae","item":"https:\/\/zanae.gr\/de\/"},{"@type":"ListItem","position":2,"name":"Shop","item":"https:\/\/zanae.gr\/?page_id=52"},{"@type":"ListItem","position":3,"name":"H\u00fchnersuppe wie hausgemacht"}]},{"@type":"WebSite","@id":"https:\/\/zanae.gr\/de\/#website","url":"https:\/\/zanae.gr\/de\/","name":"Zanae","description":"","potentialAction":[{"@type":"SearchAction","target":{"@type":"EntryPoint","urlTemplate":"https:\/\/zanae.gr\/de\/?s={search_term_string}"},"query-input":{"@type":"PropertyValueSpecification","valueRequired":true,"valueName":"search_term_string"}}],"inLanguage":"de"}]}},"_links":{"self":[{"href":"https:\/\/zanae.gr\/de\/wp-json\/wp\/v2\/product\/9174","targetHints":{"allow":["GET"]}}],"collection":[{"href":"https:\/\/zanae.gr\/de\/wp-json\/wp\/v2\/product"}],"about":[{"href":"https:\/\/zanae.gr\/de\/wp-json\/wp\/v2\/types\/product"}],"wp:featuredmedia":[{"embeddable":true,"href":"https:\/\/zanae.gr\/de\/wp-json\/wp\/v2\/media\/5845"}],"wp:attachment":[{"href":"https:\/\/zanae.gr\/de\/wp-json\/wp\/v2\/media?parent=9174"}],"wp:term":[{"taxonomy":"product_brand","embeddable":true,"href":"https:\/\/zanae.gr\/de\/wp-json\/wp\/v2\/product_brand?post=9174"},{"taxonomy":"product_cat","embeddable":true,"href":"https:\/\/zanae.gr\/de\/wp-json\/wp\/v2\/product_cat?post=9174"},{"taxonomy":"product_tag","embeddable":true,"href":"https:\/\/zanae.gr\/de\/wp-json\/wp\/v2\/product_tag?post=9174"}],"curies":[{"name":"wp","href":"https:\/\/api.w.org\/{rel}","templated":true}]}}