{"id":9205,"date":"2025-07-02T11:16:35","date_gmt":"2025-07-02T08:16:35","guid":{"rendered":"https:\/\/zanae.gr\/unkategorisiert\/melitzanopoltos-de\/"},"modified":"2025-08-25T16:44:24","modified_gmt":"2025-08-25T13:44:24","slug":"melitzanopoltos-de","status":"publish","type":"product","link":"https:\/\/zanae.gr\/de\/foodservice-de\/gemuseprodukte-de\/gerostete\/melitzanopoltos-de\/","title":{"rendered":"Auberginenp\u00fcree"},"content":{"rendered":"","protected":false},"excerpt":{"rendered":"<p>Ein cremiger Aufstrich aus ausgew\u00e4hlten Auberginen. Mit seiner cremigen beschafenheit und dem reichen Geschmack hebt er jedes Gericht hervor und f\u00fcgt eine authentische mediterrane Note hinzu. Ideal als Beilage oder als Basis f\u00fcr kreative Rezepte.<\/p>\n<p><strong>Bereit zum Servieren. <\/strong><br \/>\n<strong>An einem k\u00fchlen und trockenen Ort aufbewahren. <\/strong><br \/>\n<strong>Nach dem \u00d6ffnen im K\u00fchlschrank aufbewahren und innerhalb von 5 Tagen verbrauchen.<\/strong><\/p>\n","protected":false},"featured_media":6514,"template":"","meta":{"_acf_changed":false},"product_brand":[],"product_cat":[388,386],"product_tag":[],"class_list":{"0":"post-9205","1":"product","2":"type-product","3":"status-publish","4":"has-post-thumbnail","6":"product_cat-gerostete","7":"product_cat-gemuseprodukte-de","9":"first","10":"instock","11":"purchasable","12":"product-type-variable"},"acf":[],"yoast_head":"<!-- This site is optimized with the Yoast SEO plugin v27.3 - https:\/\/yoast.com\/product\/yoast-seo-wordpress\/ -->\n<title>Auberginenp\u00fcree - Zanae<\/title>\n<meta name=\"robots\" content=\"index, follow, max-snippet:-1, max-image-preview:large, max-video-preview:-1\" \/>\n<link rel=\"canonical\" href=\"https:\/\/zanae.gr\/de\/foodservice-de\/gemuseprodukte-de\/gerostete\/melitzanopoltos-de\/\" \/>\n<meta property=\"og:locale\" content=\"de_DE\" \/>\n<meta property=\"og:type\" content=\"article\" \/>\n<meta property=\"og:title\" content=\"Auberginenp\u00fcree - Zanae\" \/>\n<meta property=\"og:description\" content=\"Ein cremiger Aufstrich aus ausgew\u00e4hlten Auberginen. Mit seiner cremigen beschafenheit und dem reichen Geschmack hebt er jedes Gericht hervor und f\u00fcgt eine authentische mediterrane Note hinzu. Ideal als Beilage oder als Basis f\u00fcr kreative Rezepte.  Bereit zum Servieren.  An einem k\u00fchlen und trockenen Ort aufbewahren.  Nach dem \u00d6ffnen im K\u00fchlschrank aufbewahren und innerhalb von 5 Tagen verbrauchen.\" \/>\n<meta property=\"og:url\" content=\"https:\/\/zanae.gr\/de\/foodservice-de\/gemuseprodukte-de\/gerostete\/melitzanopoltos-de\/\" \/>\n<meta property=\"og:site_name\" content=\"Zanae\" \/>\n<meta property=\"article:publisher\" content=\"https:\/\/www.facebook.com\/www.zanae.gr\/?locale=el_GR\" \/>\n<meta property=\"article:modified_time\" content=\"2025-08-25T13:44:24+00:00\" \/>\n<meta property=\"og:image\" content=\"https:\/\/zanae.gr\/wp-content\/uploads\/2025\/07\/melitzanopoltos-2800gr.webp\" \/>\n\t<meta property=\"og:image:width\" content=\"1200\" \/>\n\t<meta property=\"og:image:height\" content=\"1200\" \/>\n\t<meta property=\"og:image:type\" content=\"image\/webp\" \/>\n<meta name=\"twitter:card\" content=\"summary_large_image\" \/>\n<meta name=\"twitter:label1\" content=\"Gesch\u00e4tzte Lesezeit\" \/>\n\t<meta name=\"twitter:data1\" content=\"1\u00a0Minute\" \/>\n<script type=\"application\/ld+json\" class=\"yoast-schema-graph\">{\"@context\":\"https:\\\/\\\/schema.org\",\"@graph\":[{\"@type\":\"WebPage\",\"@id\":\"https:\\\/\\\/zanae.gr\\\/de\\\/foodservice-de\\\/gemuseprodukte-de\\\/gerostete\\\/melitzanopoltos-de\\\/\",\"url\":\"https:\\\/\\\/zanae.gr\\\/de\\\/foodservice-de\\\/gemuseprodukte-de\\\/gerostete\\\/melitzanopoltos-de\\\/\",\"name\":\"Auberginenp\u00fcree - Zanae\",\"isPartOf\":{\"@id\":\"https:\\\/\\\/zanae.gr\\\/de\\\/#website\"},\"primaryImageOfPage\":{\"@id\":\"https:\\\/\\\/zanae.gr\\\/de\\\/foodservice-de\\\/gemuseprodukte-de\\\/gerostete\\\/melitzanopoltos-de\\\/#primaryimage\"},\"image\":{\"@id\":\"https:\\\/\\\/zanae.gr\\\/de\\\/foodservice-de\\\/gemuseprodukte-de\\\/gerostete\\\/melitzanopoltos-de\\\/#primaryimage\"},\"thumbnailUrl\":\"https:\\\/\\\/zanae.gr\\\/wp-content\\\/uploads\\\/2025\\\/07\\\/melitzanopoltos-2800gr.webp\",\"datePublished\":\"2025-07-02T08:16:35+00:00\",\"dateModified\":\"2025-08-25T13:44:24+00:00\",\"breadcrumb\":{\"@id\":\"https:\\\/\\\/zanae.gr\\\/de\\\/foodservice-de\\\/gemuseprodukte-de\\\/gerostete\\\/melitzanopoltos-de\\\/#breadcrumb\"},\"inLanguage\":\"de\",\"potentialAction\":[{\"@type\":\"ReadAction\",\"target\":[\"https:\\\/\\\/zanae.gr\\\/de\\\/foodservice-de\\\/gemuseprodukte-de\\\/gerostete\\\/melitzanopoltos-de\\\/\"]}]},{\"@type\":\"ImageObject\",\"inLanguage\":\"de\",\"@id\":\"https:\\\/\\\/zanae.gr\\\/de\\\/foodservice-de\\\/gemuseprodukte-de\\\/gerostete\\\/melitzanopoltos-de\\\/#primaryimage\",\"url\":\"https:\\\/\\\/zanae.gr\\\/wp-content\\\/uploads\\\/2025\\\/07\\\/melitzanopoltos-2800gr.webp\",\"contentUrl\":\"https:\\\/\\\/zanae.gr\\\/wp-content\\\/uploads\\\/2025\\\/07\\\/melitzanopoltos-2800gr.webp\",\"width\":1200,\"height\":1200},{\"@type\":\"BreadcrumbList\",\"@id\":\"https:\\\/\\\/zanae.gr\\\/de\\\/foodservice-de\\\/gemuseprodukte-de\\\/gerostete\\\/melitzanopoltos-de\\\/#breadcrumb\",\"itemListElement\":[{\"@type\":\"ListItem\",\"position\":1,\"name\":\"\u0391\u03c1\u03c7\u03b9\u03ba\u03ae\",\"item\":\"https:\\\/\\\/zanae.gr\\\/de\\\/\"},{\"@type\":\"ListItem\",\"position\":2,\"name\":\"Shop\",\"item\":\"https:\\\/\\\/zanae.gr\\\/?page_id=52\"},{\"@type\":\"ListItem\",\"position\":3,\"name\":\"Auberginenp\u00fcree\"}]},{\"@type\":\"WebSite\",\"@id\":\"https:\\\/\\\/zanae.gr\\\/de\\\/#website\",\"url\":\"https:\\\/\\\/zanae.gr\\\/de\\\/\",\"name\":\"Zanae\",\"description\":\"\",\"potentialAction\":[{\"@type\":\"SearchAction\",\"target\":{\"@type\":\"EntryPoint\",\"urlTemplate\":\"https:\\\/\\\/zanae.gr\\\/de\\\/?s={search_term_string}\"},\"query-input\":{\"@type\":\"PropertyValueSpecification\",\"valueRequired\":true,\"valueName\":\"search_term_string\"}}],\"inLanguage\":\"de\"}]}<\/script>\n<!-- \/ Yoast SEO plugin. -->","yoast_head_json":{"title":"Auberginenp\u00fcree - Zanae","robots":{"index":"index","follow":"follow","max-snippet":"max-snippet:-1","max-image-preview":"max-image-preview:large","max-video-preview":"max-video-preview:-1"},"canonical":"https:\/\/zanae.gr\/de\/foodservice-de\/gemuseprodukte-de\/gerostete\/melitzanopoltos-de\/","og_locale":"de_DE","og_type":"article","og_title":"Auberginenp\u00fcree - Zanae","og_description":"Ein cremiger Aufstrich aus ausgew\u00e4hlten Auberginen. Mit seiner cremigen beschafenheit und dem reichen Geschmack hebt er jedes Gericht hervor und f\u00fcgt eine authentische mediterrane Note hinzu. Ideal als Beilage oder als Basis f\u00fcr kreative Rezepte.  Bereit zum Servieren.  An einem k\u00fchlen und trockenen Ort aufbewahren.  Nach dem \u00d6ffnen im K\u00fchlschrank aufbewahren und innerhalb von 5 Tagen verbrauchen.","og_url":"https:\/\/zanae.gr\/de\/foodservice-de\/gemuseprodukte-de\/gerostete\/melitzanopoltos-de\/","og_site_name":"Zanae","article_publisher":"https:\/\/www.facebook.com\/www.zanae.gr\/?locale=el_GR","article_modified_time":"2025-08-25T13:44:24+00:00","og_image":[{"width":1200,"height":1200,"url":"https:\/\/zanae.gr\/wp-content\/uploads\/2025\/07\/melitzanopoltos-2800gr.webp","type":"image\/webp"}],"twitter_card":"summary_large_image","twitter_misc":{"Gesch\u00e4tzte Lesezeit":"1\u00a0Minute"},"schema":{"@context":"https:\/\/schema.org","@graph":[{"@type":"WebPage","@id":"https:\/\/zanae.gr\/de\/foodservice-de\/gemuseprodukte-de\/gerostete\/melitzanopoltos-de\/","url":"https:\/\/zanae.gr\/de\/foodservice-de\/gemuseprodukte-de\/gerostete\/melitzanopoltos-de\/","name":"Auberginenp\u00fcree - Zanae","isPartOf":{"@id":"https:\/\/zanae.gr\/de\/#website"},"primaryImageOfPage":{"@id":"https:\/\/zanae.gr\/de\/foodservice-de\/gemuseprodukte-de\/gerostete\/melitzanopoltos-de\/#primaryimage"},"image":{"@id":"https:\/\/zanae.gr\/de\/foodservice-de\/gemuseprodukte-de\/gerostete\/melitzanopoltos-de\/#primaryimage"},"thumbnailUrl":"https:\/\/zanae.gr\/wp-content\/uploads\/2025\/07\/melitzanopoltos-2800gr.webp","datePublished":"2025-07-02T08:16:35+00:00","dateModified":"2025-08-25T13:44:24+00:00","breadcrumb":{"@id":"https:\/\/zanae.gr\/de\/foodservice-de\/gemuseprodukte-de\/gerostete\/melitzanopoltos-de\/#breadcrumb"},"inLanguage":"de","potentialAction":[{"@type":"ReadAction","target":["https:\/\/zanae.gr\/de\/foodservice-de\/gemuseprodukte-de\/gerostete\/melitzanopoltos-de\/"]}]},{"@type":"ImageObject","inLanguage":"de","@id":"https:\/\/zanae.gr\/de\/foodservice-de\/gemuseprodukte-de\/gerostete\/melitzanopoltos-de\/#primaryimage","url":"https:\/\/zanae.gr\/wp-content\/uploads\/2025\/07\/melitzanopoltos-2800gr.webp","contentUrl":"https:\/\/zanae.gr\/wp-content\/uploads\/2025\/07\/melitzanopoltos-2800gr.webp","width":1200,"height":1200},{"@type":"BreadcrumbList","@id":"https:\/\/zanae.gr\/de\/foodservice-de\/gemuseprodukte-de\/gerostete\/melitzanopoltos-de\/#breadcrumb","itemListElement":[{"@type":"ListItem","position":1,"name":"\u0391\u03c1\u03c7\u03b9\u03ba\u03ae","item":"https:\/\/zanae.gr\/de\/"},{"@type":"ListItem","position":2,"name":"Shop","item":"https:\/\/zanae.gr\/?page_id=52"},{"@type":"ListItem","position":3,"name":"Auberginenp\u00fcree"}]},{"@type":"WebSite","@id":"https:\/\/zanae.gr\/de\/#website","url":"https:\/\/zanae.gr\/de\/","name":"Zanae","description":"","potentialAction":[{"@type":"SearchAction","target":{"@type":"EntryPoint","urlTemplate":"https:\/\/zanae.gr\/de\/?s={search_term_string}"},"query-input":{"@type":"PropertyValueSpecification","valueRequired":true,"valueName":"search_term_string"}}],"inLanguage":"de"}]}},"_links":{"self":[{"href":"https:\/\/zanae.gr\/de\/wp-json\/wp\/v2\/product\/9205","targetHints":{"allow":["GET"]}}],"collection":[{"href":"https:\/\/zanae.gr\/de\/wp-json\/wp\/v2\/product"}],"about":[{"href":"https:\/\/zanae.gr\/de\/wp-json\/wp\/v2\/types\/product"}],"wp:featuredmedia":[{"embeddable":true,"href":"https:\/\/zanae.gr\/de\/wp-json\/wp\/v2\/media\/6514"}],"wp:attachment":[{"href":"https:\/\/zanae.gr\/de\/wp-json\/wp\/v2\/media?parent=9205"}],"wp:term":[{"taxonomy":"product_brand","embeddable":true,"href":"https:\/\/zanae.gr\/de\/wp-json\/wp\/v2\/product_brand?post=9205"},{"taxonomy":"product_cat","embeddable":true,"href":"https:\/\/zanae.gr\/de\/wp-json\/wp\/v2\/product_cat?post=9205"},{"taxonomy":"product_tag","embeddable":true,"href":"https:\/\/zanae.gr\/de\/wp-json\/wp\/v2\/product_tag?post=9205"}],"curies":[{"name":"wp","href":"https:\/\/api.w.org\/{rel}","templated":true}]}}