{"id":9309,"date":"2025-06-16T10:44:21","date_gmt":"2025-06-16T07:44:21","guid":{"rendered":"https:\/\/zanae.gr\/unkategorisiert\/fuellpraline-2\/"},"modified":"2025-08-26T11:56:48","modified_gmt":"2025-08-26T08:56:48","slug":"fuellpraline-2","status":"publish","type":"product","link":"https:\/\/zanae.gr\/de\/foodservice-de\/zutaten-fur-profis\/pralinen\/fuellpraline-2\/","title":{"rendered":"F\u00fcllpraline"},"content":{"rendered":"","protected":false},"excerpt":{"rendered":"<p>Die ideale L\u00f6sung f\u00fcr jede s\u00fc\u00dfe Kreation. Bietet samtige Textur und reichen Geschmack f\u00fcr Desserts, die beeindrucken.<\/p>\n<p><strong>Nur f\u00fcr den professionellen Gebrauch. <\/strong><br \/>\n<strong>Lagerung bei Umgebungstemperaturen unter 20 \u00b0C. <\/strong><br \/>\n<strong>Die Verpackung nach dem \u00d6ffnen verschlie\u00dfen.<\/strong><\/p>\n","protected":false},"featured_media":6373,"template":"","meta":{"_acf_changed":false},"product_brand":[],"product_cat":[398],"product_tag":[],"class_list":{"0":"post-9309","1":"product","2":"type-product","3":"status-publish","4":"has-post-thumbnail","6":"product_cat-pralinen","8":"first","9":"instock","10":"purchasable","11":"product-type-variable"},"acf":[],"yoast_head":"<!-- This site is optimized with the Yoast SEO plugin v27.3 - https:\/\/yoast.com\/product\/yoast-seo-wordpress\/ -->\n<title>F\u00fcllpraline - Zanae<\/title>\n<meta name=\"robots\" content=\"index, follow, max-snippet:-1, max-image-preview:large, max-video-preview:-1\" \/>\n<link rel=\"canonical\" href=\"https:\/\/zanae.gr\/de\/foodservice-de\/zutaten-fur-profis\/pralinen\/fuellpraline-2\/\" \/>\n<meta property=\"og:locale\" content=\"de_DE\" \/>\n<meta property=\"og:type\" content=\"article\" \/>\n<meta property=\"og:title\" content=\"F\u00fcllpraline - Zanae\" \/>\n<meta property=\"og:description\" content=\"Die ideale L\u00f6sung f\u00fcr jede s\u00fc\u00dfe Kreation. Bietet samtige Textur und reichen Geschmack f\u00fcr Desserts, die beeindrucken.  Nur f\u00fcr den professionellen Gebrauch.  Lagerung bei Umgebungstemperaturen unter 20 \u00b0C.  Die Verpackung nach dem \u00d6ffnen verschlie\u00dfen.\" \/>\n<meta property=\"og:url\" content=\"https:\/\/zanae.gr\/de\/foodservice-de\/zutaten-fur-profis\/pralinen\/fuellpraline-2\/\" \/>\n<meta property=\"og:site_name\" content=\"Zanae\" \/>\n<meta property=\"article:publisher\" content=\"https:\/\/www.facebook.com\/www.zanae.gr\/?locale=el_GR\" \/>\n<meta property=\"article:modified_time\" content=\"2025-08-26T08:56:48+00:00\" \/>\n<meta property=\"og:image\" content=\"https:\/\/zanae.gr\/wp-content\/uploads\/2025\/06\/pralina-zaxaroplastikis.webp\" \/>\n\t<meta property=\"og:image:width\" content=\"1000\" \/>\n\t<meta property=\"og:image:height\" content=\"1000\" \/>\n\t<meta property=\"og:image:type\" content=\"image\/webp\" \/>\n<meta name=\"twitter:card\" content=\"summary_large_image\" \/>\n<script type=\"application\/ld+json\" class=\"yoast-schema-graph\">{\"@context\":\"https:\\\/\\\/schema.org\",\"@graph\":[{\"@type\":\"WebPage\",\"@id\":\"https:\\\/\\\/zanae.gr\\\/de\\\/foodservice-de\\\/zutaten-fur-profis\\\/pralinen\\\/fuellpraline-2\\\/\",\"url\":\"https:\\\/\\\/zanae.gr\\\/de\\\/foodservice-de\\\/zutaten-fur-profis\\\/pralinen\\\/fuellpraline-2\\\/\",\"name\":\"F\u00fcllpraline - Zanae\",\"isPartOf\":{\"@id\":\"https:\\\/\\\/zanae.gr\\\/de\\\/#website\"},\"primaryImageOfPage\":{\"@id\":\"https:\\\/\\\/zanae.gr\\\/de\\\/foodservice-de\\\/zutaten-fur-profis\\\/pralinen\\\/fuellpraline-2\\\/#primaryimage\"},\"image\":{\"@id\":\"https:\\\/\\\/zanae.gr\\\/de\\\/foodservice-de\\\/zutaten-fur-profis\\\/pralinen\\\/fuellpraline-2\\\/#primaryimage\"},\"thumbnailUrl\":\"https:\\\/\\\/zanae.gr\\\/wp-content\\\/uploads\\\/2025\\\/06\\\/pralina-zaxaroplastikis.webp\",\"datePublished\":\"2025-06-16T07:44:21+00:00\",\"dateModified\":\"2025-08-26T08:56:48+00:00\",\"breadcrumb\":{\"@id\":\"https:\\\/\\\/zanae.gr\\\/de\\\/foodservice-de\\\/zutaten-fur-profis\\\/pralinen\\\/fuellpraline-2\\\/#breadcrumb\"},\"inLanguage\":\"de\",\"potentialAction\":[{\"@type\":\"ReadAction\",\"target\":[\"https:\\\/\\\/zanae.gr\\\/de\\\/foodservice-de\\\/zutaten-fur-profis\\\/pralinen\\\/fuellpraline-2\\\/\"]}]},{\"@type\":\"ImageObject\",\"inLanguage\":\"de\",\"@id\":\"https:\\\/\\\/zanae.gr\\\/de\\\/foodservice-de\\\/zutaten-fur-profis\\\/pralinen\\\/fuellpraline-2\\\/#primaryimage\",\"url\":\"https:\\\/\\\/zanae.gr\\\/wp-content\\\/uploads\\\/2025\\\/06\\\/pralina-zaxaroplastikis.webp\",\"contentUrl\":\"https:\\\/\\\/zanae.gr\\\/wp-content\\\/uploads\\\/2025\\\/06\\\/pralina-zaxaroplastikis.webp\",\"width\":1000,\"height\":1000},{\"@type\":\"BreadcrumbList\",\"@id\":\"https:\\\/\\\/zanae.gr\\\/de\\\/foodservice-de\\\/zutaten-fur-profis\\\/pralinen\\\/fuellpraline-2\\\/#breadcrumb\",\"itemListElement\":[{\"@type\":\"ListItem\",\"position\":1,\"name\":\"\u0391\u03c1\u03c7\u03b9\u03ba\u03ae\",\"item\":\"https:\\\/\\\/zanae.gr\\\/de\\\/\"},{\"@type\":\"ListItem\",\"position\":2,\"name\":\"Shop\",\"item\":\"https:\\\/\\\/zanae.gr\\\/?page_id=52\"},{\"@type\":\"ListItem\",\"position\":3,\"name\":\"F\u00fcllpraline\"}]},{\"@type\":\"WebSite\",\"@id\":\"https:\\\/\\\/zanae.gr\\\/de\\\/#website\",\"url\":\"https:\\\/\\\/zanae.gr\\\/de\\\/\",\"name\":\"Zanae\",\"description\":\"\",\"potentialAction\":[{\"@type\":\"SearchAction\",\"target\":{\"@type\":\"EntryPoint\",\"urlTemplate\":\"https:\\\/\\\/zanae.gr\\\/de\\\/?s={search_term_string}\"},\"query-input\":{\"@type\":\"PropertyValueSpecification\",\"valueRequired\":true,\"valueName\":\"search_term_string\"}}],\"inLanguage\":\"de\"}]}<\/script>\n<!-- \/ Yoast SEO plugin. -->","yoast_head_json":{"title":"F\u00fcllpraline - Zanae","robots":{"index":"index","follow":"follow","max-snippet":"max-snippet:-1","max-image-preview":"max-image-preview:large","max-video-preview":"max-video-preview:-1"},"canonical":"https:\/\/zanae.gr\/de\/foodservice-de\/zutaten-fur-profis\/pralinen\/fuellpraline-2\/","og_locale":"de_DE","og_type":"article","og_title":"F\u00fcllpraline - Zanae","og_description":"Die ideale L\u00f6sung f\u00fcr jede s\u00fc\u00dfe Kreation. Bietet samtige Textur und reichen Geschmack f\u00fcr Desserts, die beeindrucken.  Nur f\u00fcr den professionellen Gebrauch.  Lagerung bei Umgebungstemperaturen unter 20 \u00b0C.  Die Verpackung nach dem \u00d6ffnen verschlie\u00dfen.","og_url":"https:\/\/zanae.gr\/de\/foodservice-de\/zutaten-fur-profis\/pralinen\/fuellpraline-2\/","og_site_name":"Zanae","article_publisher":"https:\/\/www.facebook.com\/www.zanae.gr\/?locale=el_GR","article_modified_time":"2025-08-26T08:56:48+00:00","og_image":[{"width":1000,"height":1000,"url":"https:\/\/zanae.gr\/wp-content\/uploads\/2025\/06\/pralina-zaxaroplastikis.webp","type":"image\/webp"}],"twitter_card":"summary_large_image","schema":{"@context":"https:\/\/schema.org","@graph":[{"@type":"WebPage","@id":"https:\/\/zanae.gr\/de\/foodservice-de\/zutaten-fur-profis\/pralinen\/fuellpraline-2\/","url":"https:\/\/zanae.gr\/de\/foodservice-de\/zutaten-fur-profis\/pralinen\/fuellpraline-2\/","name":"F\u00fcllpraline - Zanae","isPartOf":{"@id":"https:\/\/zanae.gr\/de\/#website"},"primaryImageOfPage":{"@id":"https:\/\/zanae.gr\/de\/foodservice-de\/zutaten-fur-profis\/pralinen\/fuellpraline-2\/#primaryimage"},"image":{"@id":"https:\/\/zanae.gr\/de\/foodservice-de\/zutaten-fur-profis\/pralinen\/fuellpraline-2\/#primaryimage"},"thumbnailUrl":"https:\/\/zanae.gr\/wp-content\/uploads\/2025\/06\/pralina-zaxaroplastikis.webp","datePublished":"2025-06-16T07:44:21+00:00","dateModified":"2025-08-26T08:56:48+00:00","breadcrumb":{"@id":"https:\/\/zanae.gr\/de\/foodservice-de\/zutaten-fur-profis\/pralinen\/fuellpraline-2\/#breadcrumb"},"inLanguage":"de","potentialAction":[{"@type":"ReadAction","target":["https:\/\/zanae.gr\/de\/foodservice-de\/zutaten-fur-profis\/pralinen\/fuellpraline-2\/"]}]},{"@type":"ImageObject","inLanguage":"de","@id":"https:\/\/zanae.gr\/de\/foodservice-de\/zutaten-fur-profis\/pralinen\/fuellpraline-2\/#primaryimage","url":"https:\/\/zanae.gr\/wp-content\/uploads\/2025\/06\/pralina-zaxaroplastikis.webp","contentUrl":"https:\/\/zanae.gr\/wp-content\/uploads\/2025\/06\/pralina-zaxaroplastikis.webp","width":1000,"height":1000},{"@type":"BreadcrumbList","@id":"https:\/\/zanae.gr\/de\/foodservice-de\/zutaten-fur-profis\/pralinen\/fuellpraline-2\/#breadcrumb","itemListElement":[{"@type":"ListItem","position":1,"name":"\u0391\u03c1\u03c7\u03b9\u03ba\u03ae","item":"https:\/\/zanae.gr\/de\/"},{"@type":"ListItem","position":2,"name":"Shop","item":"https:\/\/zanae.gr\/?page_id=52"},{"@type":"ListItem","position":3,"name":"F\u00fcllpraline"}]},{"@type":"WebSite","@id":"https:\/\/zanae.gr\/de\/#website","url":"https:\/\/zanae.gr\/de\/","name":"Zanae","description":"","potentialAction":[{"@type":"SearchAction","target":{"@type":"EntryPoint","urlTemplate":"https:\/\/zanae.gr\/de\/?s={search_term_string}"},"query-input":{"@type":"PropertyValueSpecification","valueRequired":true,"valueName":"search_term_string"}}],"inLanguage":"de"}]}},"_links":{"self":[{"href":"https:\/\/zanae.gr\/de\/wp-json\/wp\/v2\/product\/9309","targetHints":{"allow":["GET"]}}],"collection":[{"href":"https:\/\/zanae.gr\/de\/wp-json\/wp\/v2\/product"}],"about":[{"href":"https:\/\/zanae.gr\/de\/wp-json\/wp\/v2\/types\/product"}],"wp:featuredmedia":[{"embeddable":true,"href":"https:\/\/zanae.gr\/de\/wp-json\/wp\/v2\/media\/6373"}],"wp:attachment":[{"href":"https:\/\/zanae.gr\/de\/wp-json\/wp\/v2\/media?parent=9309"}],"wp:term":[{"taxonomy":"product_brand","embeddable":true,"href":"https:\/\/zanae.gr\/de\/wp-json\/wp\/v2\/product_brand?post=9309"},{"taxonomy":"product_cat","embeddable":true,"href":"https:\/\/zanae.gr\/de\/wp-json\/wp\/v2\/product_cat?post=9309"},{"taxonomy":"product_tag","embeddable":true,"href":"https:\/\/zanae.gr\/de\/wp-json\/wp\/v2\/product_tag?post=9309"}],"curies":[{"name":"wp","href":"https:\/\/api.w.org\/{rel}","templated":true}]}}