{"id":9312,"date":"2025-06-16T10:44:23","date_gmt":"2025-06-16T07:44:23","guid":{"rendered":"https:\/\/zanae.gr\/unkategorisiert\/maiskeimoel-2\/"},"modified":"2025-06-16T10:44:23","modified_gmt":"2025-06-16T07:44:23","slug":"maiskeimoel-2","status":"publish","type":"product","link":"https:\/\/zanae.gr\/de\/foodservice-de\/zutaten-fur-profis\/maiskeimoel-2\/","title":{"rendered":"Maiskeim\u00f6l"},"content":{"rendered":"","protected":false},"excerpt":{"rendered":"<p>100 % pflanzliches Maiskeim\u00f6l, ideal zum Kochen. Es bietet einen leichten Geschmack und eignet sich f\u00fcr Kochvorg\u00e4nge bei hohen Temperaturen wie Frittieren und Sautieren.<\/p>\n<p><strong>Das Produkt ist gebrauchsfertig. <\/strong><br \/>\n<strong>K\u00fchl und schattig bei Raumtemperatur (20\u00b0C) lagern<\/strong>.<\/p>\n","protected":false},"featured_media":7081,"template":"","meta":{"_acf_changed":false},"product_brand":[],"product_cat":[395,376],"product_tag":[],"class_list":{"0":"post-9312","1":"product","2":"type-product","3":"status-publish","4":"has-post-thumbnail","6":"product_cat-ole","7":"product_cat-zutaten-fur-profis","9":"first","10":"instock","11":"purchasable","12":"product-type-variable"},"acf":[],"yoast_head":"<!-- This site is optimized with the Yoast SEO plugin v27.3 - https:\/\/yoast.com\/product\/yoast-seo-wordpress\/ -->\n<title>Maiskeim\u00f6l - Zanae<\/title>\n<meta name=\"robots\" content=\"index, follow, max-snippet:-1, max-image-preview:large, max-video-preview:-1\" \/>\n<link rel=\"canonical\" href=\"https:\/\/zanae.gr\/de\/foodservice-de\/zutaten-fur-profis\/maiskeimoel-2\/\" \/>\n<meta property=\"og:locale\" content=\"de_DE\" \/>\n<meta property=\"og:type\" content=\"article\" \/>\n<meta property=\"og:title\" content=\"Maiskeim\u00f6l - Zanae\" \/>\n<meta property=\"og:description\" content=\"100 % pflanzliches Maiskeim\u00f6l, ideal zum Kochen. Es bietet einen leichten Geschmack und eignet sich f\u00fcr Kochvorg\u00e4nge bei hohen Temperaturen wie Frittieren und Sautieren.  Das Produkt ist gebrauchsfertig.  K\u00fchl und schattig bei Raumtemperatur (20\u00b0C) lagern.\" \/>\n<meta property=\"og:url\" content=\"https:\/\/zanae.gr\/de\/foodservice-de\/zutaten-fur-profis\/maiskeimoel-2\/\" \/>\n<meta property=\"og:site_name\" content=\"Zanae\" \/>\n<meta property=\"article:publisher\" content=\"https:\/\/www.facebook.com\/www.zanae.gr\/?locale=el_GR\" \/>\n<meta property=\"og:image\" content=\"https:\/\/zanae.gr\/wp-content\/uploads\/2025\/06\/arabositelaio-1.webp\" \/>\n\t<meta property=\"og:image:width\" content=\"1200\" \/>\n\t<meta property=\"og:image:height\" content=\"1200\" \/>\n\t<meta property=\"og:image:type\" content=\"image\/webp\" \/>\n<meta name=\"twitter:card\" content=\"summary_large_image\" \/>\n<script type=\"application\/ld+json\" class=\"yoast-schema-graph\">{\"@context\":\"https:\\\/\\\/schema.org\",\"@graph\":[{\"@type\":\"WebPage\",\"@id\":\"https:\\\/\\\/zanae.gr\\\/de\\\/foodservice-de\\\/zutaten-fur-profis\\\/maiskeimoel-2\\\/\",\"url\":\"https:\\\/\\\/zanae.gr\\\/de\\\/foodservice-de\\\/zutaten-fur-profis\\\/maiskeimoel-2\\\/\",\"name\":\"Maiskeim\u00f6l - Zanae\",\"isPartOf\":{\"@id\":\"https:\\\/\\\/zanae.gr\\\/de\\\/#website\"},\"primaryImageOfPage\":{\"@id\":\"https:\\\/\\\/zanae.gr\\\/de\\\/foodservice-de\\\/zutaten-fur-profis\\\/maiskeimoel-2\\\/#primaryimage\"},\"image\":{\"@id\":\"https:\\\/\\\/zanae.gr\\\/de\\\/foodservice-de\\\/zutaten-fur-profis\\\/maiskeimoel-2\\\/#primaryimage\"},\"thumbnailUrl\":\"https:\\\/\\\/zanae.gr\\\/wp-content\\\/uploads\\\/2025\\\/06\\\/arabositelaio-1.webp\",\"datePublished\":\"2025-06-16T07:44:23+00:00\",\"breadcrumb\":{\"@id\":\"https:\\\/\\\/zanae.gr\\\/de\\\/foodservice-de\\\/zutaten-fur-profis\\\/maiskeimoel-2\\\/#breadcrumb\"},\"inLanguage\":\"de\",\"potentialAction\":[{\"@type\":\"ReadAction\",\"target\":[\"https:\\\/\\\/zanae.gr\\\/de\\\/foodservice-de\\\/zutaten-fur-profis\\\/maiskeimoel-2\\\/\"]}]},{\"@type\":\"ImageObject\",\"inLanguage\":\"de\",\"@id\":\"https:\\\/\\\/zanae.gr\\\/de\\\/foodservice-de\\\/zutaten-fur-profis\\\/maiskeimoel-2\\\/#primaryimage\",\"url\":\"https:\\\/\\\/zanae.gr\\\/wp-content\\\/uploads\\\/2025\\\/06\\\/arabositelaio-1.webp\",\"contentUrl\":\"https:\\\/\\\/zanae.gr\\\/wp-content\\\/uploads\\\/2025\\\/06\\\/arabositelaio-1.webp\",\"width\":1200,\"height\":1200},{\"@type\":\"BreadcrumbList\",\"@id\":\"https:\\\/\\\/zanae.gr\\\/de\\\/foodservice-de\\\/zutaten-fur-profis\\\/maiskeimoel-2\\\/#breadcrumb\",\"itemListElement\":[{\"@type\":\"ListItem\",\"position\":1,\"name\":\"\u0391\u03c1\u03c7\u03b9\u03ba\u03ae\",\"item\":\"https:\\\/\\\/zanae.gr\\\/de\\\/\"},{\"@type\":\"ListItem\",\"position\":2,\"name\":\"Shop\",\"item\":\"https:\\\/\\\/zanae.gr\\\/?page_id=52\"},{\"@type\":\"ListItem\",\"position\":3,\"name\":\"Maiskeim\u00f6l\"}]},{\"@type\":\"WebSite\",\"@id\":\"https:\\\/\\\/zanae.gr\\\/de\\\/#website\",\"url\":\"https:\\\/\\\/zanae.gr\\\/de\\\/\",\"name\":\"Zanae\",\"description\":\"\",\"potentialAction\":[{\"@type\":\"SearchAction\",\"target\":{\"@type\":\"EntryPoint\",\"urlTemplate\":\"https:\\\/\\\/zanae.gr\\\/de\\\/?s={search_term_string}\"},\"query-input\":{\"@type\":\"PropertyValueSpecification\",\"valueRequired\":true,\"valueName\":\"search_term_string\"}}],\"inLanguage\":\"de\"}]}<\/script>\n<!-- \/ Yoast SEO plugin. -->","yoast_head_json":{"title":"Maiskeim\u00f6l - Zanae","robots":{"index":"index","follow":"follow","max-snippet":"max-snippet:-1","max-image-preview":"max-image-preview:large","max-video-preview":"max-video-preview:-1"},"canonical":"https:\/\/zanae.gr\/de\/foodservice-de\/zutaten-fur-profis\/maiskeimoel-2\/","og_locale":"de_DE","og_type":"article","og_title":"Maiskeim\u00f6l - Zanae","og_description":"100 % pflanzliches Maiskeim\u00f6l, ideal zum Kochen. Es bietet einen leichten Geschmack und eignet sich f\u00fcr Kochvorg\u00e4nge bei hohen Temperaturen wie Frittieren und Sautieren.  Das Produkt ist gebrauchsfertig.  K\u00fchl und schattig bei Raumtemperatur (20\u00b0C) lagern.","og_url":"https:\/\/zanae.gr\/de\/foodservice-de\/zutaten-fur-profis\/maiskeimoel-2\/","og_site_name":"Zanae","article_publisher":"https:\/\/www.facebook.com\/www.zanae.gr\/?locale=el_GR","og_image":[{"width":1200,"height":1200,"url":"https:\/\/zanae.gr\/wp-content\/uploads\/2025\/06\/arabositelaio-1.webp","type":"image\/webp"}],"twitter_card":"summary_large_image","schema":{"@context":"https:\/\/schema.org","@graph":[{"@type":"WebPage","@id":"https:\/\/zanae.gr\/de\/foodservice-de\/zutaten-fur-profis\/maiskeimoel-2\/","url":"https:\/\/zanae.gr\/de\/foodservice-de\/zutaten-fur-profis\/maiskeimoel-2\/","name":"Maiskeim\u00f6l - Zanae","isPartOf":{"@id":"https:\/\/zanae.gr\/de\/#website"},"primaryImageOfPage":{"@id":"https:\/\/zanae.gr\/de\/foodservice-de\/zutaten-fur-profis\/maiskeimoel-2\/#primaryimage"},"image":{"@id":"https:\/\/zanae.gr\/de\/foodservice-de\/zutaten-fur-profis\/maiskeimoel-2\/#primaryimage"},"thumbnailUrl":"https:\/\/zanae.gr\/wp-content\/uploads\/2025\/06\/arabositelaio-1.webp","datePublished":"2025-06-16T07:44:23+00:00","breadcrumb":{"@id":"https:\/\/zanae.gr\/de\/foodservice-de\/zutaten-fur-profis\/maiskeimoel-2\/#breadcrumb"},"inLanguage":"de","potentialAction":[{"@type":"ReadAction","target":["https:\/\/zanae.gr\/de\/foodservice-de\/zutaten-fur-profis\/maiskeimoel-2\/"]}]},{"@type":"ImageObject","inLanguage":"de","@id":"https:\/\/zanae.gr\/de\/foodservice-de\/zutaten-fur-profis\/maiskeimoel-2\/#primaryimage","url":"https:\/\/zanae.gr\/wp-content\/uploads\/2025\/06\/arabositelaio-1.webp","contentUrl":"https:\/\/zanae.gr\/wp-content\/uploads\/2025\/06\/arabositelaio-1.webp","width":1200,"height":1200},{"@type":"BreadcrumbList","@id":"https:\/\/zanae.gr\/de\/foodservice-de\/zutaten-fur-profis\/maiskeimoel-2\/#breadcrumb","itemListElement":[{"@type":"ListItem","position":1,"name":"\u0391\u03c1\u03c7\u03b9\u03ba\u03ae","item":"https:\/\/zanae.gr\/de\/"},{"@type":"ListItem","position":2,"name":"Shop","item":"https:\/\/zanae.gr\/?page_id=52"},{"@type":"ListItem","position":3,"name":"Maiskeim\u00f6l"}]},{"@type":"WebSite","@id":"https:\/\/zanae.gr\/de\/#website","url":"https:\/\/zanae.gr\/de\/","name":"Zanae","description":"","potentialAction":[{"@type":"SearchAction","target":{"@type":"EntryPoint","urlTemplate":"https:\/\/zanae.gr\/de\/?s={search_term_string}"},"query-input":{"@type":"PropertyValueSpecification","valueRequired":true,"valueName":"search_term_string"}}],"inLanguage":"de"}]}},"_links":{"self":[{"href":"https:\/\/zanae.gr\/de\/wp-json\/wp\/v2\/product\/9312","targetHints":{"allow":["GET"]}}],"collection":[{"href":"https:\/\/zanae.gr\/de\/wp-json\/wp\/v2\/product"}],"about":[{"href":"https:\/\/zanae.gr\/de\/wp-json\/wp\/v2\/types\/product"}],"wp:featuredmedia":[{"embeddable":true,"href":"https:\/\/zanae.gr\/de\/wp-json\/wp\/v2\/media\/7081"}],"wp:attachment":[{"href":"https:\/\/zanae.gr\/de\/wp-json\/wp\/v2\/media?parent=9312"}],"wp:term":[{"taxonomy":"product_brand","embeddable":true,"href":"https:\/\/zanae.gr\/de\/wp-json\/wp\/v2\/product_brand?post=9312"},{"taxonomy":"product_cat","embeddable":true,"href":"https:\/\/zanae.gr\/de\/wp-json\/wp\/v2\/product_cat?post=9312"},{"taxonomy":"product_tag","embeddable":true,"href":"https:\/\/zanae.gr\/de\/wp-json\/wp\/v2\/product_tag?post=9312"}],"curies":[{"name":"wp","href":"https:\/\/api.w.org\/{rel}","templated":true}]}}