{"id":9350,"date":"2025-06-16T10:44:22","date_gmt":"2025-06-16T07:44:22","guid":{"rendered":"https:\/\/zanae.gr\/unkategorisiert\/zachari-krystalliki-kastani\/"},"modified":"2025-08-26T14:51:40","modified_gmt":"2025-08-26T11:51:40","slug":"zachari-krystalliki-kastani","status":"publish","type":"product","link":"https:\/\/zanae.gr\/de\/foodservice-de\/zutaten-fur-profis\/zachari-krystalliki-kastani\/","title":{"rendered":"Brauner Zucker"},"content":{"rendered":"","protected":false},"excerpt":{"rendered":"<p>Brauner Kristallzucker hoher Qualit\u00e4t, perfekt f\u00fcr Pfannkuchen, Desserts und So\u00dfen. Er bietet nat\u00fcrliche S\u00fc\u00dfe und eine geschmackliche Tiefe.<\/p>\n<p><strong>Bei einer Temperatur zwischen 15 und 25 \u00b0C und einer relativen Luftfeuchtigkeit von unter 65 % an einem trockenen Ort lagern.<\/strong><\/p>\n","protected":false},"featured_media":6352,"template":"","meta":{"_acf_changed":false},"product_brand":[],"product_cat":[396,376],"product_tag":[],"class_list":{"0":"post-9350","1":"product","2":"type-product","3":"status-publish","4":"has-post-thumbnail","6":"product_cat-grundzutaten","7":"product_cat-zutaten-fur-profis","9":"first","10":"instock","11":"purchasable","12":"product-type-variable"},"acf":[],"yoast_head":"<!-- This site is optimized with the Yoast SEO plugin v27.3 - https:\/\/yoast.com\/product\/yoast-seo-wordpress\/ -->\n<title>Brauner Zucker - Zanae<\/title>\n<meta name=\"robots\" content=\"index, follow, max-snippet:-1, max-image-preview:large, max-video-preview:-1\" \/>\n<link rel=\"canonical\" href=\"https:\/\/zanae.gr\/de\/foodservice-de\/zutaten-fur-profis\/zachari-krystalliki-kastani\/\" \/>\n<meta property=\"og:locale\" content=\"de_DE\" \/>\n<meta property=\"og:type\" content=\"article\" \/>\n<meta property=\"og:title\" content=\"Brauner Zucker - Zanae\" \/>\n<meta property=\"og:description\" content=\"Brauner Kristallzucker hoher Qualit\u00e4t, perfekt f\u00fcr Pfannkuchen, Desserts und So\u00dfen. Er bietet nat\u00fcrliche S\u00fc\u00dfe und eine geschmackliche Tiefe.  Bei einer Temperatur zwischen 15 und 25 \u00b0C und einer relativen Luftfeuchtigkeit von unter 65 % an einem trockenen Ort lagern.\" \/>\n<meta property=\"og:url\" content=\"https:\/\/zanae.gr\/de\/foodservice-de\/zutaten-fur-profis\/zachari-krystalliki-kastani\/\" \/>\n<meta property=\"og:site_name\" content=\"Zanae\" \/>\n<meta property=\"article:publisher\" content=\"https:\/\/www.facebook.com\/www.zanae.gr\/?locale=el_GR\" \/>\n<meta property=\"article:modified_time\" content=\"2025-08-26T11:51:40+00:00\" \/>\n<meta property=\"og:image\" content=\"https:\/\/zanae.gr\/wp-content\/uploads\/2025\/06\/zaxari-krystaliki.webp\" \/>\n\t<meta property=\"og:image:width\" content=\"1200\" \/>\n\t<meta property=\"og:image:height\" content=\"1200\" \/>\n\t<meta property=\"og:image:type\" content=\"image\/webp\" \/>\n<meta name=\"twitter:card\" content=\"summary_large_image\" \/>\n<meta name=\"twitter:label1\" content=\"Gesch\u00e4tzte Lesezeit\" \/>\n\t<meta name=\"twitter:data1\" content=\"1\u00a0Minute\" \/>\n<script type=\"application\/ld+json\" class=\"yoast-schema-graph\">{\"@context\":\"https:\\\/\\\/schema.org\",\"@graph\":[{\"@type\":\"WebPage\",\"@id\":\"https:\\\/\\\/zanae.gr\\\/de\\\/foodservice-de\\\/zutaten-fur-profis\\\/zachari-krystalliki-kastani\\\/\",\"url\":\"https:\\\/\\\/zanae.gr\\\/de\\\/foodservice-de\\\/zutaten-fur-profis\\\/zachari-krystalliki-kastani\\\/\",\"name\":\"Brauner Zucker - Zanae\",\"isPartOf\":{\"@id\":\"https:\\\/\\\/zanae.gr\\\/de\\\/#website\"},\"primaryImageOfPage\":{\"@id\":\"https:\\\/\\\/zanae.gr\\\/de\\\/foodservice-de\\\/zutaten-fur-profis\\\/zachari-krystalliki-kastani\\\/#primaryimage\"},\"image\":{\"@id\":\"https:\\\/\\\/zanae.gr\\\/de\\\/foodservice-de\\\/zutaten-fur-profis\\\/zachari-krystalliki-kastani\\\/#primaryimage\"},\"thumbnailUrl\":\"https:\\\/\\\/zanae.gr\\\/wp-content\\\/uploads\\\/2025\\\/06\\\/zaxari-krystaliki.webp\",\"datePublished\":\"2025-06-16T07:44:22+00:00\",\"dateModified\":\"2025-08-26T11:51:40+00:00\",\"breadcrumb\":{\"@id\":\"https:\\\/\\\/zanae.gr\\\/de\\\/foodservice-de\\\/zutaten-fur-profis\\\/zachari-krystalliki-kastani\\\/#breadcrumb\"},\"inLanguage\":\"de\",\"potentialAction\":[{\"@type\":\"ReadAction\",\"target\":[\"https:\\\/\\\/zanae.gr\\\/de\\\/foodservice-de\\\/zutaten-fur-profis\\\/zachari-krystalliki-kastani\\\/\"]}]},{\"@type\":\"ImageObject\",\"inLanguage\":\"de\",\"@id\":\"https:\\\/\\\/zanae.gr\\\/de\\\/foodservice-de\\\/zutaten-fur-profis\\\/zachari-krystalliki-kastani\\\/#primaryimage\",\"url\":\"https:\\\/\\\/zanae.gr\\\/wp-content\\\/uploads\\\/2025\\\/06\\\/zaxari-krystaliki.webp\",\"contentUrl\":\"https:\\\/\\\/zanae.gr\\\/wp-content\\\/uploads\\\/2025\\\/06\\\/zaxari-krystaliki.webp\",\"width\":1200,\"height\":1200},{\"@type\":\"BreadcrumbList\",\"@id\":\"https:\\\/\\\/zanae.gr\\\/de\\\/foodservice-de\\\/zutaten-fur-profis\\\/zachari-krystalliki-kastani\\\/#breadcrumb\",\"itemListElement\":[{\"@type\":\"ListItem\",\"position\":1,\"name\":\"\u0391\u03c1\u03c7\u03b9\u03ba\u03ae\",\"item\":\"https:\\\/\\\/zanae.gr\\\/de\\\/\"},{\"@type\":\"ListItem\",\"position\":2,\"name\":\"Shop\",\"item\":\"https:\\\/\\\/zanae.gr\\\/?page_id=52\"},{\"@type\":\"ListItem\",\"position\":3,\"name\":\"Brauner Zucker\"}]},{\"@type\":\"WebSite\",\"@id\":\"https:\\\/\\\/zanae.gr\\\/de\\\/#website\",\"url\":\"https:\\\/\\\/zanae.gr\\\/de\\\/\",\"name\":\"Zanae\",\"description\":\"\",\"potentialAction\":[{\"@type\":\"SearchAction\",\"target\":{\"@type\":\"EntryPoint\",\"urlTemplate\":\"https:\\\/\\\/zanae.gr\\\/de\\\/?s={search_term_string}\"},\"query-input\":{\"@type\":\"PropertyValueSpecification\",\"valueRequired\":true,\"valueName\":\"search_term_string\"}}],\"inLanguage\":\"de\"}]}<\/script>\n<!-- \/ Yoast SEO plugin. -->","yoast_head_json":{"title":"Brauner Zucker - Zanae","robots":{"index":"index","follow":"follow","max-snippet":"max-snippet:-1","max-image-preview":"max-image-preview:large","max-video-preview":"max-video-preview:-1"},"canonical":"https:\/\/zanae.gr\/de\/foodservice-de\/zutaten-fur-profis\/zachari-krystalliki-kastani\/","og_locale":"de_DE","og_type":"article","og_title":"Brauner Zucker - Zanae","og_description":"Brauner Kristallzucker hoher Qualit\u00e4t, perfekt f\u00fcr Pfannkuchen, Desserts und So\u00dfen. Er bietet nat\u00fcrliche S\u00fc\u00dfe und eine geschmackliche Tiefe.  Bei einer Temperatur zwischen 15 und 25 \u00b0C und einer relativen Luftfeuchtigkeit von unter 65 % an einem trockenen Ort lagern.","og_url":"https:\/\/zanae.gr\/de\/foodservice-de\/zutaten-fur-profis\/zachari-krystalliki-kastani\/","og_site_name":"Zanae","article_publisher":"https:\/\/www.facebook.com\/www.zanae.gr\/?locale=el_GR","article_modified_time":"2025-08-26T11:51:40+00:00","og_image":[{"width":1200,"height":1200,"url":"https:\/\/zanae.gr\/wp-content\/uploads\/2025\/06\/zaxari-krystaliki.webp","type":"image\/webp"}],"twitter_card":"summary_large_image","twitter_misc":{"Gesch\u00e4tzte Lesezeit":"1\u00a0Minute"},"schema":{"@context":"https:\/\/schema.org","@graph":[{"@type":"WebPage","@id":"https:\/\/zanae.gr\/de\/foodservice-de\/zutaten-fur-profis\/zachari-krystalliki-kastani\/","url":"https:\/\/zanae.gr\/de\/foodservice-de\/zutaten-fur-profis\/zachari-krystalliki-kastani\/","name":"Brauner Zucker - Zanae","isPartOf":{"@id":"https:\/\/zanae.gr\/de\/#website"},"primaryImageOfPage":{"@id":"https:\/\/zanae.gr\/de\/foodservice-de\/zutaten-fur-profis\/zachari-krystalliki-kastani\/#primaryimage"},"image":{"@id":"https:\/\/zanae.gr\/de\/foodservice-de\/zutaten-fur-profis\/zachari-krystalliki-kastani\/#primaryimage"},"thumbnailUrl":"https:\/\/zanae.gr\/wp-content\/uploads\/2025\/06\/zaxari-krystaliki.webp","datePublished":"2025-06-16T07:44:22+00:00","dateModified":"2025-08-26T11:51:40+00:00","breadcrumb":{"@id":"https:\/\/zanae.gr\/de\/foodservice-de\/zutaten-fur-profis\/zachari-krystalliki-kastani\/#breadcrumb"},"inLanguage":"de","potentialAction":[{"@type":"ReadAction","target":["https:\/\/zanae.gr\/de\/foodservice-de\/zutaten-fur-profis\/zachari-krystalliki-kastani\/"]}]},{"@type":"ImageObject","inLanguage":"de","@id":"https:\/\/zanae.gr\/de\/foodservice-de\/zutaten-fur-profis\/zachari-krystalliki-kastani\/#primaryimage","url":"https:\/\/zanae.gr\/wp-content\/uploads\/2025\/06\/zaxari-krystaliki.webp","contentUrl":"https:\/\/zanae.gr\/wp-content\/uploads\/2025\/06\/zaxari-krystaliki.webp","width":1200,"height":1200},{"@type":"BreadcrumbList","@id":"https:\/\/zanae.gr\/de\/foodservice-de\/zutaten-fur-profis\/zachari-krystalliki-kastani\/#breadcrumb","itemListElement":[{"@type":"ListItem","position":1,"name":"\u0391\u03c1\u03c7\u03b9\u03ba\u03ae","item":"https:\/\/zanae.gr\/de\/"},{"@type":"ListItem","position":2,"name":"Shop","item":"https:\/\/zanae.gr\/?page_id=52"},{"@type":"ListItem","position":3,"name":"Brauner Zucker"}]},{"@type":"WebSite","@id":"https:\/\/zanae.gr\/de\/#website","url":"https:\/\/zanae.gr\/de\/","name":"Zanae","description":"","potentialAction":[{"@type":"SearchAction","target":{"@type":"EntryPoint","urlTemplate":"https:\/\/zanae.gr\/de\/?s={search_term_string}"},"query-input":{"@type":"PropertyValueSpecification","valueRequired":true,"valueName":"search_term_string"}}],"inLanguage":"de"}]}},"_links":{"self":[{"href":"https:\/\/zanae.gr\/de\/wp-json\/wp\/v2\/product\/9350","targetHints":{"allow":["GET"]}}],"collection":[{"href":"https:\/\/zanae.gr\/de\/wp-json\/wp\/v2\/product"}],"about":[{"href":"https:\/\/zanae.gr\/de\/wp-json\/wp\/v2\/types\/product"}],"wp:featuredmedia":[{"embeddable":true,"href":"https:\/\/zanae.gr\/de\/wp-json\/wp\/v2\/media\/6352"}],"wp:attachment":[{"href":"https:\/\/zanae.gr\/de\/wp-json\/wp\/v2\/media?parent=9350"}],"wp:term":[{"taxonomy":"product_brand","embeddable":true,"href":"https:\/\/zanae.gr\/de\/wp-json\/wp\/v2\/product_brand?post=9350"},{"taxonomy":"product_cat","embeddable":true,"href":"https:\/\/zanae.gr\/de\/wp-json\/wp\/v2\/product_cat?post=9350"},{"taxonomy":"product_tag","embeddable":true,"href":"https:\/\/zanae.gr\/de\/wp-json\/wp\/v2\/product_tag?post=9350"}],"curies":[{"name":"wp","href":"https:\/\/api.w.org\/{rel}","templated":true}]}}